{"id":407,"date":"2024-09-19T13:41:30","date_gmt":"2024-09-19T11:41:30","guid":{"rendered":"https:\/\/www.palazzodeimori.it\/home\/"},"modified":"2024-09-19T13:41:30","modified_gmt":"2024-09-19T11:41:30","slug":"home","status":"publish","type":"page","link":"https:\/\/www.palazzodeimori.it\/de\/","title":{"rendered":"Home"},"content":{"rendered":"<div class=\"wpb-content-wrapper\"><p>[vc_row full_width=&#8221;stretch_row_content_no_spaces&#8221; content_placement=&#8221;middle&#8221; css=&#8221;.vc_custom_1726850346423{padding-top: 0px !important;padding-bottom: 0px !important;background-color: #8c7947 !important;}&#8221;][vc_column width=&#8221;2\/3&#8243; css=&#8221;.vc_custom_1726849765880{padding-top: 0px !important;padding-bottom: 0px !important;}&#8221;]\n\t\t\t\t<p class=\"rs-p-wp-fix\"><\/p>\n\t\t\t\t<sr7-module data-alias=\"home\" data-id=\"1\" id=\"SR7_1_1\" class=\"rs-ov-hidden\" data-version=\"6.7.18\">\n\t\t\t\t\t<sr7-adjuster><\/sr7-adjuster>\n\t\t\t\t\t<sr7-content>\n\t\t\t\t\t\t<sr7-slide id=\"SR7_1_1-1\" data-key=\"1\">\n\t\t\t\t\t\t\t<sr7-bg id=\"SR7_1_1-1-1\" class=\"sr7-layer\"><noscript><img decoding=\"async\" src=\"https:\/\/www.palazzodeimori.it\/wp-content\/uploads\/2024\/09\/pdm-DLX4_2.jpg\" alt=\"\" title=\"pdm-DLX4_2\"><\/noscript><\/sr7-bg>\n\t\t\t\t\t\t<\/sr7-slide>\n\t\t\t\t\t\t<sr7-slide id=\"SR7_1_1-2\" data-key=\"2\">\n\t\t\t\t\t\t<\/sr7-slide>\n\t\t\t\t\t<\/sr7-content>\n\t\t\t\t\t<image_lists style=\"display:none\">\n\t\t\t\t\t\t<img data-src=\"\/\/www.palazzodeimori.it\/wp-content\/uploads\/2024\/09\/pdm-DLX4_2.jpg\" data-libid=\"142\" data-lib=\"medialibrary\" title=\"pdm-DLX4_2\" width=\"0\" height=\"0\" data-dbsrc=\"Ly93d3cucGFsYXp6b2RlaW1vcmkuaXQvd3AtY29udGVudC91cGxvYWRzLzIwMjQvMDkvcGRtLURMWDRfMi5qcGc=\"\/>\n\t\t\t\t\t<\/image_lists>\n\t\t\t\t<\/sr7-module>\n\t\t\t\t<script>\n\t\t\t\t\tSR7.PMH ??={}; SR7.PMH[\"SR7_1_1\"] = {cn:0,state:false,fn: function() { if (_tpt!==undefined && _tpt.prepareModuleHeight !== undefined) {  _tpt.prepareModuleHeight({id:\"SR7_1_1\",el:[1000,1000,768,960,720],type:'standard',shdw:'0',gh:[1000,1000,826,628,387],gw:[1240,1240,1024,778,480],vpt:['100px'],size:{fullWidth:false, fullHeight:false},mh:'0',onh:0,onw:0,bg:{color:'{\"orig\":\"transparent\",\"type\":\"solid\",\"string\":\"transparent\"}'}});   SR7.PMH[\"SR7_1_1\"].state=true;} else if((SR7.PMH[\"SR7_1_1\"].cn++)<100)\tsetTimeout( SR7.PMH[\"SR7_1_1\"].fn,19);}};SR7.PMH[\"SR7_1_1\" ].fn();\n\t\t\t\t<\/script>\n[\/vc_column][vc_column width=&#8221;1\/3&#8243;][vc_column_text css=&#8221;.vc_custom_1726850414155{padding-right: 100px !important;padding-left: 100px !important;}&#8221;]<\/p>\n<h1><span style=\"color: #ffffff;\">PALAZZO DEI MORI<\/span><\/h1>\n<p><span style=\"color: #ffffff;\">Der Palazzo dei Mori hat das Gl\u00fcck, sich an einem privilegierten Ort in Venedig zu befinden, einem der traditionsreichsten der Stadt, der sich die \u201evenezianische Lebensart\u201c bewahrt hat.<\/span>[\/vc_column_text][\/vc_column][\/vc_row][vc_row css=&#8221;.vc_custom_1726850665226{padding-top: 70px !important;padding-bottom: 70px !important;}&#8221;][vc_column][vc_column_text css=&#8221;&#8221;]<\/p>\n<h1 style=\"text-align: center;\">HISTORISCHE RESIDENZ IN VENEDIG<\/h1>\n<p>[\/vc_column_text][vc_separator color=&#8221;custom&#8221; el_width=&#8221;30&#8243; css=&#8221;&#8221; accent_color=&#8221;#ab8667&#8243;][vc_column_text css=&#8221;&#8221;]<\/p>\n<p style=\"text-align: center;\">Im historischen Zentrum, in der Calle Muazzo 6457 in der N\u00e4he der Kirche S. Giovanni e Paolo, befindet sich der Palazzo dei Mori, ein Boutique-Hotel, dessen Bau auf das Ende des 15. Jahrhunderts zur\u00fcckgeht und das einst das historische Haus der adligen Patrizier Muazzo, einer alten venezianischen Kaufmannsfamilie, war.<\/p>\n<p style=\"text-align: center;\">Das elegante Piano Nobile, zu dem man \u00fcber einen typisch venezianischen Innenhof mit einem Brunnen gelangt, besteht aus einer zentralen Halle mit dreifach verglasten Fenstern und grotesken Fresken an den W\u00e4nden. Die Zimmer, die mit pr\u00e4chtigen Kronleuchtern aus Muranoglas geschm\u00fcckt sind, erinnern an vergangene Zeiten, bieten aber auch modernen Komfort, der Ihren Aufenthalt in Venedig einzigartig und unvergesslich macht.<\/p>\n<p style=\"text-align: center;\">Der kleine Innenhof ist privat und wird nur von unseren G\u00e4sten und unseren beiden Nachbarn, die im Hof wohnen, betreten. Die vera da pozzo stammt aus dem 16. Jahrhundert und unterliegt den Beschr\u00e4nkungen der Sopraintendenza alle belle arti. <\/p>\n<p style=\"text-align: center;\">Palazzo dei Mori bietet Ihnen nicht nur einen Urlaub, sondern eine faszinierende Lebenserfahrung in einem intimen und komfortablen Ort, wie zu Hause.<\/p>\n<p>[\/vc_column_text][\/vc_column][\/vc_row][vc_row full_width=&#8221;stretch_row_content&#8221; content_placement=&#8221;middle&#8221; bg_type=&#8221;bg_color&#8221; bg_color_value=&#8221;#fffbd1&#8243; css=&#8221;.vc_custom_1726851641076{padding-bottom: 40px !important;}&#8221;][vc_column width=&#8221;1\/2&#8243; css=&#8221;.vc_custom_1726851124941{padding-right: 100px !important;padding-left: 100px !important;}&#8221;][vc_column_text css=&#8221;&#8221;]<\/p>\n<h2>ZIMMER<\/h2>\n<p>[\/vc_column_text][vc_column_text css=&#8221;&#8221;]Der Palazzo dei Mori verf\u00fcgt \u00fcber im venezianischen Stil eingerichtete Zimmer, die neben dem zentralen Saal liegen und mit allem modernen Komfort ausgestattet sind.[\/vc_column_text][vc_btn title=&#8221;Zimmer&#8221; style=&#8221;flat&#8221; shape=&#8221;square&#8221; color=&#8221;chino&#8221; size=&#8221;lg&#8221; css=&#8221;&#8221; link=&#8221;url:https%3A%2F%2Fwww.palazzodeimori.it%2F%3Fpage_id%3D187|title:Camere&#8221;][\/vc_column][vc_column width=&#8221;1\/2&#8243; css=&#8221;.vc_custom_1726851154925{padding-right: 100px !important;padding-left: 100px !important;}&#8221;]<style type=\"text\/css\" data-type=\"the7_shortcodes-inline-css\">.gallery-carousel-shortcode.gallery-carousel-shortcode-id-605c08b1d993c90ad872a6ef3abb8bc0.owl-carousel .owl-nav div {\n  width: 36px;\n  height: 36px;\n  border-radius: 500px;\n}\n.dt-arrow-border-on.gallery-carousel-shortcode.gallery-carousel-shortcode-id-605c08b1d993c90ad872a6ef3abb8bc0.owl-carousel .owl-nav div:not(:hover):before {\n  border-width: 0px;\n}\n.dt-arrow-hover-border-on.gallery-carousel-shortcode.gallery-carousel-shortcode-id-605c08b1d993c90ad872a6ef3abb8bc0.owl-carousel .owl-nav div:hover:after {\n  border-width: 0px;\n}\n.gallery-carousel-shortcode.gallery-carousel-shortcode-id-605c08b1d993c90ad872a6ef3abb8bc0.owl-carousel .owl-nav div.owl-prev {\n  top: 50%;\n  transform: translateY(calc(-50% + 0px));\n  left: -43px;\n}\n@media all and (-ms-high-contrast: none) {\n  .gallery-carousel-shortcode.gallery-carousel-shortcode-id-605c08b1d993c90ad872a6ef3abb8bc0.owl-carousel .owl-nav div.owl-prev {\n    transform: translateY(-50%);\n    margin-top: 0px;\n  }\n}\n.gallery-carousel-shortcode.gallery-carousel-shortcode-id-605c08b1d993c90ad872a6ef3abb8bc0.owl-carousel .owl-nav div.owl-prev i {\n  padding: 0px 0px 0px 0px;\n}\n.gallery-carousel-shortcode.gallery-carousel-shortcode-id-605c08b1d993c90ad872a6ef3abb8bc0.owl-carousel .owl-nav div.owl-next {\n  top: 50%;\n  transform: translateY(calc(-50% + 0px));\n  right: -43px;\n}\n@media all and (-ms-high-contrast: none) {\n  .gallery-carousel-shortcode.gallery-carousel-shortcode-id-605c08b1d993c90ad872a6ef3abb8bc0.owl-carousel .owl-nav div.owl-next {\n    transform: translateY(-50%);\n    margin-top: 0px;\n  }\n}\n.gallery-carousel-shortcode.gallery-carousel-shortcode-id-605c08b1d993c90ad872a6ef3abb8bc0.owl-carousel .owl-nav div.owl-next i {\n  padding: 0px 0px 0px 0px;\n}\n.gallery-carousel-shortcode.gallery-carousel-shortcode-id-605c08b1d993c90ad872a6ef3abb8bc0.owl-carousel .owl-nav i {\n  font-size: 18px;\n}\n.gallery-carousel-shortcode.gallery-carousel-shortcode-id-605c08b1d993c90ad872a6ef3abb8bc0.owl-carousel .owl-nav div:not(:hover) i,\n.gallery-carousel-shortcode.gallery-carousel-shortcode-id-605c08b1d993c90ad872a6ef3abb8bc0.owl-carousel .owl-nav div:not(:hover) i:before {\n  color: #ffffff;\n  background: none;\n}\n.gallery-carousel-shortcode.gallery-carousel-shortcode-id-605c08b1d993c90ad872a6ef3abb8bc0.owl-carousel .owl-nav div:hover i,\n.gallery-carousel-shortcode.gallery-carousel-shortcode-id-605c08b1d993c90ad872a6ef3abb8bc0.owl-carousel .owl-nav div:hover i:before {\n  color: rgba(255,255,255,0.75);\n  background: none;\n}\n.gallery-carousel-shortcode.gallery-carousel-shortcode-id-605c08b1d993c90ad872a6ef3abb8bc0 .owl-dots {\n  top: calc(100% + 20px);\n  left: 50%;\n  transform: translateX(calc(-50% + 0px));\n}\n@media all and (-ms-high-contrast: none) {\n  .gallery-carousel-shortcode.gallery-carousel-shortcode-id-605c08b1d993c90ad872a6ef3abb8bc0 .owl-dots {\n    transform: translateX(-50%);\n    margin-left: 0px;\n  }\n}\n.gallery-carousel-shortcode.gallery-carousel-shortcode-id-605c08b1d993c90ad872a6ef3abb8bc0 .owl-dot {\n  width: 10px;\n  height: 10px;\n  margin: 0 8px;\n}\n@media screen and (max-width: 778px) {\n  .gallery-carousel-shortcode.gallery-carousel-shortcode-id-605c08b1d993c90ad872a6ef3abb8bc0.hide-arrows .owl-nav a {\n    display: none;\n  }\n}\n@media screen and (max-width: 778px) {\n  .gallery-carousel-shortcode.gallery-carousel-shortcode-id-605c08b1d993c90ad872a6ef3abb8bc0.reposition-arrows .owl-nav .owl-prev {\n    top: 50%;\n    transform: translateY(calc(-50% + 0px));\n    left: 10px;\n  }\n  .gallery-carousel-shortcode.gallery-carousel-shortcode-id-605c08b1d993c90ad872a6ef3abb8bc0.reposition-arrows .owl-nav .owl-next {\n    top: 50%;\n    transform: translateY(calc(-50% + 0px));\n    right: 10px;\n  }\n}\n@media screen and (max-width: 778px) and all and (-ms-high-contrast: none) {\n  .gallery-carousel-shortcode.gallery-carousel-shortcode-id-605c08b1d993c90ad872a6ef3abb8bc0.reposition-arrows .owl-nav .owl-prev {\n    transform: translateY(-50%);\n    margin-top: 0px;\n  }\n}\n@media screen and (max-width: 778px) and all and (-ms-high-contrast: none) {\n  .gallery-carousel-shortcode.gallery-carousel-shortcode-id-605c08b1d993c90ad872a6ef3abb8bc0.reposition-arrows .owl-nav .owl-next {\n    transform: translateY(-50%);\n    margin-top: 0px;\n  }\n}\n.gallery-carousel-shortcode.gallery-carousel-shortcode-id-605c08b1d993c90ad872a6ef3abb8bc0 figure,\n.gallery-carousel-shortcode.gallery-carousel-shortcode-id-605c08b1d993c90ad872a6ef3abb8bc0 .rollover,\n.gallery-carousel-shortcode.gallery-carousel-shortcode-id-605c08b1d993c90ad872a6ef3abb8bc0 img,\n.gallery-carousel-shortcode.gallery-carousel-shortcode-id-605c08b1d993c90ad872a6ef3abb8bc0 .gallery-rollover {\n  border-radius: 5px;\n}\n.gallery-carousel-shortcode.gallery-carousel-shortcode-id-605c08b1d993c90ad872a6ef3abb8bc0.enable-bg-rollover .gallery-rollover {\n  background: -webkit-linear-gradient();\n  background: linear-gradient();\n}\n.gallery-carousel-shortcode.gallery-carousel-shortcode-id-605c08b1d993c90ad872a6ef3abb8bc0.enable-img-shadow .owl-stage-outer {\n  padding: 14px 0;\n}\n.gallery-carousel-shortcode.gallery-carousel-shortcode-id-605c08b1d993c90ad872a6ef3abb8bc0.enable-bg-rollover.hover-scale figure .rollover:after {\n  background: -webkit-linear-gradient();\n  background: linear-gradient();\n}\n.gallery-carousel-shortcode.gallery-carousel-shortcode-id-605c08b1d993c90ad872a6ef3abb8bc0.gallery-shortcode .gallery-zoom-ico {\n  width: 44px;\n  height: 44px;\n  line-height: 44px;\n  border-radius: 100px;\n  margin: -22px 0 0 -22px;\n  border-width: 0px;\n}\n.dt-icon-bg-on.gallery-carousel-shortcode.gallery-carousel-shortcode-id-605c08b1d993c90ad872a6ef3abb8bc0.gallery-shortcode .gallery-zoom-ico {\n  background: rgba(255,255,255,0.3);\n  box-shadow: none;\n}\n.gallery-carousel-shortcode.gallery-carousel-shortcode-id-605c08b1d993c90ad872a6ef3abb8bc0.gallery-shortcode .gallery-zoom-ico:before,\n.gallery-carousel-shortcode.gallery-carousel-shortcode-id-605c08b1d993c90ad872a6ef3abb8bc0.gallery-shortcode .gallery-zoom-ico span {\n  font-size: 32px;\n  line-height: 44px;\n  color: #ffffff;\n  background: none;\n}\n<\/style><div class=\"owl-carousel gallery-carousel-shortcode gallery-shortcode  dt-gallery-container dt-owl-carousel-call gallery-carousel-shortcode-id-605c08b1d993c90ad872a6ef3abb8bc0 scale-img enable-bg-rollover meta-info-off dt-arrow-border-on dt-arrow-hover-border-on bullets-small-dot-stroke reposition-arrows dt-icon-bg-off arrows-bg-on disable-arrows-hover-bg arrows-hover-bg-on  hover-fade \" data-scroll-mode=\"1\" data-col-num=\"1\" data-wide-col-num=\"1\" data-laptop-col=\"1\" data-h-tablet-columns-num=\"1\" data-v-tablet-columns-num=\"1\" data-phone-columns-num=\"1\" data-col-gap=\"10\" data-stage-padding=\"0\" data-speed=\"600\" data-autoplay=\"false\" data-autoplay_speed=\"6000\" data-arrows=\"true\" data-bullet=\"false\" data-next-icon=\"icon-ar-017-r\" data-prev-icon=\"icon-ar-017-l\" data-img-shadow-size=\"12px\" data-img-shadow-spread=\"3px\"><div data-post-id=\"687\" data-date=\"2024-09-20T18:14:46+02:00\" data-name=\"pdm-SUP5\"><figure class=\"post\"><a href=\"https:\/\/www.palazzodeimori.it\/wp-content\/uploads\/2024\/09\/pdm-SUP5.jpg\" class=\"rollover dt-pswp-item layzr-bg\" data-large_image_width=\"2560\" data-large_image_height=\"1707\" data-dt-img-description=\"\" title=\"pdm-SUP5\"><img fetchpriority=\"high\" decoding=\"async\" class=\"preload-me owl-lazy-load aspect\" src=\"data:image\/svg+xml,%3Csvg%20xmlns%3D&#39;http%3A%2F%2Fwww.w3.org%2F2000%2Fsvg&#39;%20viewBox%3D&#39;0%200%202276%201706&#39;%2F%3E\" data-src=\"https:\/\/www.palazzodeimori.it\/wp-content\/uploads\/2024\/09\/pdm-SUP5-2276x1706.jpg\" data-srcset=\"https:\/\/www.palazzodeimori.it\/wp-content\/uploads\/2024\/09\/pdm-SUP5-2276x1706.jpg 2276w\" loading=\"eager\" style=\"--ratio: 2276 \/ 1706\" sizes=\"(max-width: 2276px) 100vw, 2276px\" alt=\"\" width=\"2276\" height=\"1706\"  \/><span class=\"gallery-rollover\"><\/span><\/a><\/figure><\/div><div data-post-id=\"525\" data-date=\"2024-09-20T18:12:49+02:00\" data-name=\"pdm-DLX5_2\"><figure class=\"post\"><a href=\"https:\/\/www.palazzodeimori.it\/wp-content\/uploads\/2024\/09\/pdm-DLX5_2.jpg\" class=\"rollover dt-pswp-item layzr-bg\" data-large_image_width=\"2560\" data-large_image_height=\"1707\" data-dt-img-description=\"\" title=\"pdm-DLX5_2\"><img decoding=\"async\" class=\"preload-me owl-lazy-load aspect\" src=\"data:image\/svg+xml,%3Csvg%20xmlns%3D&#39;http%3A%2F%2Fwww.w3.org%2F2000%2Fsvg&#39;%20viewBox%3D&#39;0%200%202276%201706&#39;%2F%3E\" data-src=\"https:\/\/www.palazzodeimori.it\/wp-content\/uploads\/2024\/09\/pdm-DLX5_2-2276x1706.jpg\" data-srcset=\"https:\/\/www.palazzodeimori.it\/wp-content\/uploads\/2024\/09\/pdm-DLX5_2-2276x1706.jpg 2276w\" loading=\"eager\" style=\"--ratio: 2276 \/ 1706\" sizes=\"(max-width: 2276px) 100vw, 2276px\" alt=\"\" width=\"2276\" height=\"1706\"  \/><span class=\"gallery-rollover\"><\/span><\/a><\/figure><\/div><div data-post-id=\"627\" data-date=\"2024-09-20T18:14:02+02:00\" data-name=\"pdm-JS4\"><figure class=\"post\"><a href=\"https:\/\/www.palazzodeimori.it\/wp-content\/uploads\/2024\/09\/pdm-JS4.jpg\" class=\"rollover dt-pswp-item layzr-bg\" data-large_image_width=\"2560\" data-large_image_height=\"1707\" data-dt-img-description=\"\" title=\"pdm-JS4\"><img decoding=\"async\" class=\"preload-me owl-lazy-load aspect\" src=\"data:image\/svg+xml,%3Csvg%20xmlns%3D&#39;http%3A%2F%2Fwww.w3.org%2F2000%2Fsvg&#39;%20viewBox%3D&#39;0%200%202276%201706&#39;%2F%3E\" data-src=\"https:\/\/www.palazzodeimori.it\/wp-content\/uploads\/2024\/09\/pdm-JS4-2276x1706.jpg\" data-srcset=\"https:\/\/www.palazzodeimori.it\/wp-content\/uploads\/2024\/09\/pdm-JS4-2276x1706.jpg 2276w\" loading=\"eager\" style=\"--ratio: 2276 \/ 1706\" sizes=\"(max-width: 2276px) 100vw, 2276px\" alt=\"\" width=\"2276\" height=\"1706\"  \/><span class=\"gallery-rollover\"><\/span><\/a><\/figure><\/div><div data-post-id=\"636\" data-date=\"2024-09-20T18:14:09+02:00\" data-name=\"pdm-JSTerrace1\"><figure class=\"post\"><a href=\"https:\/\/www.palazzodeimori.it\/wp-content\/uploads\/2024\/09\/pdm-JSTerrace1.jpg\" class=\"rollover dt-pswp-item layzr-bg\" data-large_image_width=\"2560\" data-large_image_height=\"1707\" data-dt-img-description=\"\" title=\"pdm-JSTerrace1\"><img decoding=\"async\" class=\"preload-me owl-lazy-load aspect\" src=\"data:image\/svg+xml,%3Csvg%20xmlns%3D&#39;http%3A%2F%2Fwww.w3.org%2F2000%2Fsvg&#39;%20viewBox%3D&#39;0%200%202276%201706&#39;%2F%3E\" data-src=\"https:\/\/www.palazzodeimori.it\/wp-content\/uploads\/2024\/09\/pdm-JSTerrace1-2276x1706.jpg\" data-srcset=\"https:\/\/www.palazzodeimori.it\/wp-content\/uploads\/2024\/09\/pdm-JSTerrace1-2276x1706.jpg 2276w\" loading=\"eager\" style=\"--ratio: 2276 \/ 1706\" sizes=\"(max-width: 2276px) 100vw, 2276px\" alt=\"\" width=\"2276\" height=\"1706\"  \/><span class=\"gallery-rollover\"><\/span><\/a><\/figure><\/div><\/div>[\/vc_column][\/vc_row][vc_row full_width=&#8221;stretch_row_content&#8221; content_placement=&#8221;middle&#8221; css=&#8221;.vc_custom_1727207363941{padding-top: 60px !important;padding-bottom: 20px !important;}&#8221;][vc_column width=&#8221;1\/2&#8243; css=&#8221;.vc_custom_1726851124941{padding-right: 100px !important;padding-left: 100px !important;}&#8221;][vc_single_image image=&#8221;94&#8243; img_size=&#8221;1280&#215;1024&#8243; alignment=&#8221;right&#8221; css=&#8221;&#8221;][\/vc_column][vc_column width=&#8221;1\/2&#8243; css=&#8221;.vc_custom_1726851154925{padding-right: 100px !important;padding-left: 100px !important;}&#8221;][vc_column_text css=&#8221;&#8221;]<\/p>\n<h2>SPEZIALS<\/h2>\n<p>[\/vc_column_text][vc_column_text css=&#8221;&#8221;]Auf unserer Website finden Sie immer den niedrigsten Preis!<br \/>Buchen Sie jetzt Ihren n\u00e4chsten Aufenthalt in Venedig mit einem Rabatt von 10%! [\/vc_column_text][\/vc_column][\/vc_row]<\/p>\n<\/div>","protected":false},"excerpt":{"rendered":"<p>[vc_row full_width=&#8221;stretch_row_content_no_spaces&#8221; content_placement=&#8221;middle&#8221; css=&#8221;.vc_custom_1726850346423{padding-top: 0px !important;padding-bottom: 0px !important;background-color: #8c7947 !important;}&#8221;][vc_column width=&#8221;2\/3&#8243; css=&#8221;.vc_custom_1726849765880{padding-top: 0px !important;padding-bottom: 0px !important;}&#8221;][\/vc_column][vc_column width=&#8221;1\/3&#8243;][vc_column_text css=&#8221;.vc_custom_1726850414155{padding-right: 100px !important;padding-left: 100px !important;}&#8221;] PALAZZO DEI MORI Der Palazzo dei Mori hat das Gl\u00fcck, sich an einem privilegierten Ort in Venedig zu befinden, einem der traditionsreichsten der Stadt, der sich die \u201evenezianische Lebensart\u201c bewahrt hat.[\/vc_column_text][\/vc_column][\/vc_row][vc_row css=&#8221;.vc_custom_1726850665226{padding-top: 70px&hellip;<\/p>\n","protected":false},"author":1,"featured_media":0,"parent":0,"menu_order":0,"comment_status":"closed","ping_status":"closed","template":"","meta":{"footnotes":""},"class_list":["post-407","page","type-page","status-publish","hentry","description-off"],"_links":{"self":[{"href":"https:\/\/www.palazzodeimori.it\/de\/wp-json\/wp\/v2\/pages\/407","targetHints":{"allow":["GET"]}}],"collection":[{"href":"https:\/\/www.palazzodeimori.it\/de\/wp-json\/wp\/v2\/pages"}],"about":[{"href":"https:\/\/www.palazzodeimori.it\/de\/wp-json\/wp\/v2\/types\/page"}],"author":[{"embeddable":true,"href":"https:\/\/www.palazzodeimori.it\/de\/wp-json\/wp\/v2\/users\/1"}],"replies":[{"embeddable":true,"href":"https:\/\/www.palazzodeimori.it\/de\/wp-json\/wp\/v2\/comments?post=407"}],"version-history":[{"count":0,"href":"https:\/\/www.palazzodeimori.it\/de\/wp-json\/wp\/v2\/pages\/407\/revisions"}],"wp:attachment":[{"href":"https:\/\/www.palazzodeimori.it\/de\/wp-json\/wp\/v2\/media?parent=407"}],"curies":[{"name":"wp","href":"https:\/\/api.w.org\/{rel}","templated":true}]}}