{"id":411,"date":"2024-09-20T19:11:40","date_gmt":"2024-09-20T17:11:40","guid":{"rendered":"https:\/\/www.palazzodeimori.it\/dienstleistungen\/"},"modified":"2025-02-06T12:57:40","modified_gmt":"2025-02-06T11:57:40","slug":"dienstleistungen","status":"publish","type":"page","link":"https:\/\/www.palazzodeimori.it\/de\/dienstleistungen\/","title":{"rendered":"Dienstleistungen"},"content":{"rendered":"<div class=\"wpb-content-wrapper\"><p>[vc_row full_width=&#8221;stretch_row_content_no_spaces&#8221; bg_type=&#8221;image&#8221; parallax_style=&#8221;vcpb-default&#8221; bg_image_new=&#8221;id^264|url^https:\/\/www.palazzodeimori.it\/wp-content\/uploads\/2024\/09\/servizi.jpg|caption^null|alt^null|title^servizi|description^null&#8221; bg_image_repeat=&#8221;no-repeat&#8221;][vc_column][vc_empty_space height=&#8221;800px&#8221; el_class=&#8221;image-page-top&#8221;][\/vc_column][\/vc_row][vc_row css=&#8221;.vc_custom_1727081877911{padding-top: 70px !important;padding-bottom: 30px !important;}&#8221;][vc_column][vc_column_text css=&#8221;&#8221;]<\/p>\n<h1 style=\"text-align: center;\">ZIMMERDIENSTE<\/h1>\n<p>[\/vc_column_text][vc_separator color=&#8221;custom&#8221; el_width=&#8221;30&#8243; css=&#8221;&#8221; accent_color=&#8221;#ab8667&#8243;][vc_row_inner][vc_column_inner width=&#8221;1\/3&#8243;][vc_column_text css=&#8221;&#8221;]<\/p>\n<ul>\n<li><em>Frigobar<\/em><\/li>\n<li><em>Allergikerfreundliche Kissen<\/em><\/li>\n<li><em>LCD-Satellitenfernsehen<\/em><\/li>\n<li><em>Steckdosen der neuesten Generation (ubs und ubs\/c)<\/em><\/li>\n<li><em>Kostenloses Wi-Fi<\/em><\/li>\n<\/ul>\n<p>[\/vc_column_text][\/vc_column_inner][vc_column_inner width=&#8221;1\/3&#8243;][vc_column_text css=&#8221;&#8221;]<\/p>\n<ul>\n<li><em>Professioneller Haartrockner<\/em><\/li>\n<li><em>Schlie\u00dffach<\/em><\/li>\n<li><em>H\u00f6flichkeitsleitung<\/em><\/li>\n<li><em>Babybett<\/em><\/li>\n<li><em>Regulierbare Klimaanlage \u201eSilent\u201c mit Ger\u00e4uschunterdr\u00fcckung<\/em><\/li>\n<\/ul>\n<p>[\/vc_column_text][\/vc_column_inner][vc_column_inner width=&#8221;1\/3&#8243;][vc_column_text css=&#8221;&#8221;]<\/p>\n<ul>\n<li><em>Regulierbare Heizung \u201eSilent\u201c mit Ger\u00e4uschunterdr\u00fcckung<\/em><\/li>\n<li><em>Schallisolierte Zimmer<\/em><\/li>\n<li><em>Nichtraucherhotel<\/em><\/li>\n<li><em>T\u00e4gliches Housekeeping<\/em><\/li>\n<\/ul>\n<p>[\/vc_column_text][\/vc_column_inner][\/vc_row_inner][\/vc_column][\/vc_row][vc_row css=&#8221;.vc_custom_1727081888153{padding-top: 70px !important;padding-bottom: 30px !important;}&#8221;][vc_column][vc_column_text css=&#8221;&#8221;]<\/p>\n<h1 style=\"text-align: center;\">EXTERNE DIENSTLEISTUNGEN<\/h1>\n<p>[\/vc_column_text][vc_separator color=&#8221;custom&#8221; el_width=&#8221;30&#8243; css=&#8221;&#8221; accent_color=&#8221;#ab8667&#8243;][vc_row_inner][vc_column_inner width=&#8221;1\/3&#8243;][vc_column_text css=&#8221;&#8221;]<\/p>\n<ul>\n<li><em>Fr\u00fchst\u00fcck im Zimmerpreis inbegriffen<\/em><\/li>\n<li><em>Kostenloses Wi-Fi-Internet<\/em><\/li>\n<li><em>Touristische Informationen<\/em><\/li>\n<\/ul>\n<p>[\/vc_column_text][\/vc_column_inner][vc_column_inner width=&#8221;1\/3&#8243;][vc_column_text css=&#8221;&#8221;]<\/p>\n<ul>\n<li><em>Kostenlose Besichtigung einer Glash\u00fctte<\/em><\/li>\n<li><em>Reservierungen f\u00fcr Taxis, Restaurants, Museen<\/em><\/li>\n<li><em>Kostenlose Gep\u00e4ckaufbewahrung<\/em><\/li>\n<\/ul>\n<p>[\/vc_column_text][\/vc_column_inner][vc_column_inner width=&#8221;1\/3&#8243;][vc_column_text css=&#8221;&#8221;]<\/p>\n<ul>\n<li><em>Transfers vom und zum Flughafen und Bahnhof (gegen Aufpreis)<\/em><\/li>\n<li><em>Begr\u00fc\u00dfungsgetr\u00e4nk<\/em><\/li>\n<li><em>Nichtraucherhotel<\/em><\/li>\n<\/ul>\n<p>[\/vc_column_text][\/vc_column_inner][\/vc_row_inner][\/vc_column][\/vc_row][vc_row css=&#8221;.vc_custom_1726850665226{padding-top: 70px !important;padding-bottom: 70px !important;}&#8221;][vc_column][vc_column_text css=&#8221;&#8221;]<\/p>\n<h1 style=\"text-align: center;\">SELF CHECK-IN<\/h1>\n<p>[\/vc_column_text][vc_separator color=&#8221;custom&#8221; el_width=&#8221;30&#8243; css=&#8221;&#8221; accent_color=&#8221;#ab8667&#8243;][vc_column_text css=&#8221;&#8221;]<\/p>\n<p style=\"text-align: center;\">Im Palazzo di Mori k\u00f6nnen Sie dank des Self-Check-in ankommen, wann Sie wollen. Teilen Sie uns einfach im Voraus mit, wann Sie in Venedig sein werden, und wir werden Ihnen alle Informationen geben, die Sie f\u00fcr den Zugang zu Ihrem Zimmer ben\u00f6tigen.<\/p>\n<p>[\/vc_column_text][\/vc_column][\/vc_row]<\/p>\n<\/div>","protected":false},"excerpt":{"rendered":"<p>[vc_row full_width=&#8221;stretch_row_content_no_spaces&#8221; bg_type=&#8221;image&#8221; parallax_style=&#8221;vcpb-default&#8221; bg_image_new=&#8221;id^264|url^https:\/\/www.palazzodeimori.it\/wp-content\/uploads\/2024\/09\/servizi.jpg|caption^null|alt^null|title^servizi|description^null&#8221; bg_image_repeat=&#8221;no-repeat&#8221;][vc_column][vc_empty_space height=&#8221;800px&#8221; el_class=&#8221;image-page-top&#8221;][\/vc_column][\/vc_row][vc_row css=&#8221;.vc_custom_1727081877911{padding-top: 70px !important;padding-bottom: 30px !important;}&#8221;][vc_column][vc_column_text css=&#8221;&#8221;] ZIMMERDIENSTE [\/vc_column_text][vc_separator color=&#8221;custom&#8221; el_width=&#8221;30&#8243; css=&#8221;&#8221; accent_color=&#8221;#ab8667&#8243;][vc_row_inner][vc_column_inner width=&#8221;1\/3&#8243;][vc_column_text css=&#8221;&#8221;] Frigobar Allergikerfreundliche Kissen LCD-Satellitenfernsehen Steckdosen der neuesten Generation (ubs und ubs\/c) Kostenloses Wi-Fi [\/vc_column_text][\/vc_column_inner][vc_column_inner width=&#8221;1\/3&#8243;][vc_column_text css=&#8221;&#8221;] Professioneller Haartrockner Schlie\u00dffach H\u00f6flichkeitsleitung Babybett Regulierbare Klimaanlage \u201eSilent\u201c mit Ger\u00e4uschunterdr\u00fcckung [\/vc_column_text][\/vc_column_inner][vc_column_inner width=&#8221;1\/3&#8243;][vc_column_text css=&#8221;&#8221;] Regulierbare Heizung \u201eSilent\u201c mit&hellip;<\/p>\n","protected":false},"author":1,"featured_media":0,"parent":0,"menu_order":0,"comment_status":"closed","ping_status":"closed","template":"","meta":{"footnotes":""},"class_list":["post-411","page","type-page","status-publish","hentry","description-off"],"_links":{"self":[{"href":"https:\/\/www.palazzodeimori.it\/de\/wp-json\/wp\/v2\/pages\/411","targetHints":{"allow":["GET"]}}],"collection":[{"href":"https:\/\/www.palazzodeimori.it\/de\/wp-json\/wp\/v2\/pages"}],"about":[{"href":"https:\/\/www.palazzodeimori.it\/de\/wp-json\/wp\/v2\/types\/page"}],"author":[{"embeddable":true,"href":"https:\/\/www.palazzodeimori.it\/de\/wp-json\/wp\/v2\/users\/1"}],"replies":[{"embeddable":true,"href":"https:\/\/www.palazzodeimori.it\/de\/wp-json\/wp\/v2\/comments?post=411"}],"version-history":[{"count":1,"href":"https:\/\/www.palazzodeimori.it\/de\/wp-json\/wp\/v2\/pages\/411\/revisions"}],"predecessor-version":[{"id":709,"href":"https:\/\/www.palazzodeimori.it\/de\/wp-json\/wp\/v2\/pages\/411\/revisions\/709"}],"wp:attachment":[{"href":"https:\/\/www.palazzodeimori.it\/de\/wp-json\/wp\/v2\/media?parent=411"}],"curies":[{"name":"wp","href":"https:\/\/api.w.org\/{rel}","templated":true}]}}