{"id":395,"date":"2024-09-19T13:41:30","date_gmt":"2024-09-19T11:41:30","guid":{"rendered":"https:\/\/www.palazzodeimori.it\/home\/"},"modified":"2024-09-19T13:41:30","modified_gmt":"2024-09-19T11:41:30","slug":"home","status":"publish","type":"page","link":"https:\/\/www.palazzodeimori.it\/es\/","title":{"rendered":"Home"},"content":{"rendered":"<div class=\"wpb-content-wrapper\"><p>[vc_row full_width=\u00bbstretch_row_content_no_spaces\u00bb content_placement=\u00bbmiddle\u00bb css=\u00bb.vc_custom_1726850346423{padding-top: 0px !important;padding-bottom: 0px !important;background-color: #8c7947 !important;}\u00bb][vc_column width=\u00bb2\/3&#8243; css=\u00bb.vc_custom_1726849765880{padding-top: 0px !important;padding-bottom: 0px !important;}\u00bb]\n\t\t\t\t<p class=\"rs-p-wp-fix\"><\/p>\n\t\t\t\t<sr7-module data-alias=\"home\" data-id=\"1\" id=\"SR7_1_1\" class=\"rs-ov-hidden\" data-version=\"6.7.18\">\n\t\t\t\t\t<sr7-adjuster><\/sr7-adjuster>\n\t\t\t\t\t<sr7-content>\n\t\t\t\t\t\t<sr7-slide id=\"SR7_1_1-1\" data-key=\"1\">\n\t\t\t\t\t\t\t<sr7-bg id=\"SR7_1_1-1-1\" class=\"sr7-layer\"><noscript><img decoding=\"async\" src=\"https:\/\/www.palazzodeimori.it\/wp-content\/uploads\/2024\/09\/pdm-DLX4_2.jpg\" alt=\"\" title=\"pdm-DLX4_2\"><\/noscript><\/sr7-bg>\n\t\t\t\t\t\t<\/sr7-slide>\n\t\t\t\t\t\t<sr7-slide id=\"SR7_1_1-2\" data-key=\"2\">\n\t\t\t\t\t\t<\/sr7-slide>\n\t\t\t\t\t<\/sr7-content>\n\t\t\t\t\t<image_lists style=\"display:none\">\n\t\t\t\t\t\t<img data-src=\"\/\/www.palazzodeimori.it\/wp-content\/uploads\/2024\/09\/pdm-DLX4_2.jpg\" data-libid=\"142\" data-lib=\"medialibrary\" title=\"pdm-DLX4_2\" width=\"0\" height=\"0\" data-dbsrc=\"Ly93d3cucGFsYXp6b2RlaW1vcmkuaXQvd3AtY29udGVudC91cGxvYWRzLzIwMjQvMDkvcGRtLURMWDRfMi5qcGc=\"\/>\n\t\t\t\t\t<\/image_lists>\n\t\t\t\t<\/sr7-module>\n\t\t\t\t<script>\n\t\t\t\t\tSR7.PMH ??={}; SR7.PMH[\"SR7_1_1\"] = {cn:0,state:false,fn: function() { if (_tpt!==undefined && _tpt.prepareModuleHeight !== undefined) {  _tpt.prepareModuleHeight({id:\"SR7_1_1\",el:[1000,1000,768,960,720],type:'standard',shdw:'0',gh:[1000,1000,826,628,387],gw:[1240,1240,1024,778,480],vpt:['100px'],size:{fullWidth:false, fullHeight:false},mh:'0',onh:0,onw:0,bg:{color:'{\"orig\":\"transparent\",\"type\":\"solid\",\"string\":\"transparent\"}'}});   SR7.PMH[\"SR7_1_1\"].state=true;} else if((SR7.PMH[\"SR7_1_1\"].cn++)<100)\tsetTimeout( SR7.PMH[\"SR7_1_1\"].fn,19);}};SR7.PMH[\"SR7_1_1\" ].fn();\n\t\t\t\t<\/script>\n[\/vc_column][vc_column width=\u00bb1\/3&#8243;][vc_column_text css=\u00bb.vc_custom_1726850414155{padding-right: 100px !important;padding-left: 100px !important;}\u00bb]<\/p>\n<h1><span style=\"color: #ffffff;\">PALAZZO DEI MORI<\/span><\/h1>\n<p><span style=\"color: #ffffff;\">El Palazzo dei Mori tiene la suerte de encontrarse en un lugar privilegiado de Venecia, uno de los m\u00e1s tradicionales de la ciudad, que ha conservado intacto el \u00abestilo de vida veneciano\u00bb.<\/span>[\/vc_column_text][\/vc_column][\/vc_row][vc_row css=\u00bb.vc_custom_1726850665226{padding-top: 70px !important;padding-bottom: 70px !important;}\u00bb][vc_column][vc_column_text css=\u00bb\u00bb]<\/p>\n<h1 style=\"text-align: center;\">RESIDENCIA HIST\u00d3RICA EN VENECIA<\/h1>\n<p>[\/vc_column_text][vc_separator color=\u00bbcustom\u00bb el_width=\u00bb30&#8243; css=\u00bb\u00bb accent_color=\u00bb#ab8667&#8243;][vc_column_text css=\u00bb\u00bb]<\/p>\n<p style=\"text-align: center;\">Situado en el centro hist\u00f3rico, en la calle Muazzo 6457, cerca de la iglesia de S. Giovanni e Paolo, el Palazzo dei Mori es un hotel boutique cuya construcci\u00f3n se remonta a finales del siglo XV y fue en su d\u00eda el hogar hist\u00f3rico de los nobles patricios Muazzo, una antigua familia de comerciantes venecianos.<\/p>\n<p style=\"text-align: center;\">Este elegante piano nobile, con acceso desde un t\u00edpico patio veneciano con un pozo, consta de un vest\u00edbulo central con ventana de tres parteluces y frescos grotescos en las paredes, y las habitaciones, adornadas con espl\u00e9ndidas l\u00e1mparas de cristal de Murano, evocan tiempos pasados, pero con comodidades modernas para hacer que su estancia en Venecia sea \u00fanica e inolvidable.<\/p>\n<p style=\"text-align: center;\">El peque\u00f1o patio es privado, donde s\u00f3lo entran nuestros hu\u00e9spedes y nuestros dos vecinos que viven en el patio. La vera da pozzo es del siglo XVI y est\u00e1 sujeta a la restricci\u00f3n de la Sopraintendenza alle belle arti. <\/p>\n<p style=\"text-align: center;\">El Palazzo dei Mori le ofrece no s\u00f3lo unas vacaciones, sino una experiencia vital fascinante, en un lugar \u00edntimo y confortable, como en casa.<\/p>\n<p>[\/vc_column_text][\/vc_column][\/vc_row][vc_row full_width=\u00bbstretch_row_content\u00bb content_placement=\u00bbmiddle\u00bb bg_type=\u00bbbg_color\u00bb bg_color_value=\u00bb#fffbd1&#8243; css=\u00bb.vc_custom_1726851641076{padding-bottom: 40px !important;}\u00bb][vc_column width=\u00bb1\/2&#8243; css=\u00bb.vc_custom_1726851124941{padding-right: 100px !important;padding-left: 100px !important;}\u00bb][vc_column_text css=\u00bb\u00bb]<\/p>\n<h2>CAMERE<\/h2>\n<p>[\/vc_column_text][vc_column_text css=\u00bb\u00bb]Palazzo dei Mori dispone di camere arredate in stile Veneziano disposte a lato del salone centrale, con tutti i comfort moderni.[\/vc_column_text][vc_btn title=\u00bbVedi le Camere\u00bb style=\u00bbflat\u00bb shape=\u00bbsquare\u00bb color=\u00bbchino\u00bb size=\u00bblg\u00bb css=\u00bb\u00bb link=\u00bburl:https%3A%2F%2Fwww.palazzodeimori.it%2F%3Fpage_id%3D187|title:Camere\u00bb][\/vc_column][vc_column width=\u00bb1\/2&#8243; css=\u00bb.vc_custom_1726851154925{padding-right: 100px !important;padding-left: 100px !important;}\u00bb]<style type=\"text\/css\" data-type=\"the7_shortcodes-inline-css\">.gallery-carousel-shortcode.gallery-carousel-shortcode-id-605c08b1d993c90ad872a6ef3abb8bc0.owl-carousel .owl-nav div {\n  width: 36px;\n  height: 36px;\n  border-radius: 500px;\n}\n.dt-arrow-border-on.gallery-carousel-shortcode.gallery-carousel-shortcode-id-605c08b1d993c90ad872a6ef3abb8bc0.owl-carousel .owl-nav div:not(:hover):before {\n  border-width: 0px;\n}\n.dt-arrow-hover-border-on.gallery-carousel-shortcode.gallery-carousel-shortcode-id-605c08b1d993c90ad872a6ef3abb8bc0.owl-carousel .owl-nav div:hover:after {\n  border-width: 0px;\n}\n.gallery-carousel-shortcode.gallery-carousel-shortcode-id-605c08b1d993c90ad872a6ef3abb8bc0.owl-carousel .owl-nav div.owl-prev {\n  top: 50%;\n  transform: translateY(calc(-50% + 0px));\n  left: -43px;\n}\n@media all and (-ms-high-contrast: none) {\n  .gallery-carousel-shortcode.gallery-carousel-shortcode-id-605c08b1d993c90ad872a6ef3abb8bc0.owl-carousel .owl-nav div.owl-prev {\n    transform: translateY(-50%);\n    margin-top: 0px;\n  }\n}\n.gallery-carousel-shortcode.gallery-carousel-shortcode-id-605c08b1d993c90ad872a6ef3abb8bc0.owl-carousel .owl-nav div.owl-prev i {\n  padding: 0px 0px 0px 0px;\n}\n.gallery-carousel-shortcode.gallery-carousel-shortcode-id-605c08b1d993c90ad872a6ef3abb8bc0.owl-carousel .owl-nav div.owl-next {\n  top: 50%;\n  transform: translateY(calc(-50% + 0px));\n  right: -43px;\n}\n@media all and (-ms-high-contrast: none) {\n  .gallery-carousel-shortcode.gallery-carousel-shortcode-id-605c08b1d993c90ad872a6ef3abb8bc0.owl-carousel .owl-nav div.owl-next {\n    transform: translateY(-50%);\n    margin-top: 0px;\n  }\n}\n.gallery-carousel-shortcode.gallery-carousel-shortcode-id-605c08b1d993c90ad872a6ef3abb8bc0.owl-carousel .owl-nav div.owl-next i {\n  padding: 0px 0px 0px 0px;\n}\n.gallery-carousel-shortcode.gallery-carousel-shortcode-id-605c08b1d993c90ad872a6ef3abb8bc0.owl-carousel .owl-nav i {\n  font-size: 18px;\n}\n.gallery-carousel-shortcode.gallery-carousel-shortcode-id-605c08b1d993c90ad872a6ef3abb8bc0.owl-carousel .owl-nav div:not(:hover) i,\n.gallery-carousel-shortcode.gallery-carousel-shortcode-id-605c08b1d993c90ad872a6ef3abb8bc0.owl-carousel .owl-nav div:not(:hover) i:before {\n  color: #ffffff;\n  background: none;\n}\n.gallery-carousel-shortcode.gallery-carousel-shortcode-id-605c08b1d993c90ad872a6ef3abb8bc0.owl-carousel .owl-nav div:hover i,\n.gallery-carousel-shortcode.gallery-carousel-shortcode-id-605c08b1d993c90ad872a6ef3abb8bc0.owl-carousel .owl-nav div:hover i:before {\n  color: rgba(255,255,255,0.75);\n  background: none;\n}\n.gallery-carousel-shortcode.gallery-carousel-shortcode-id-605c08b1d993c90ad872a6ef3abb8bc0 .owl-dots {\n  top: calc(100% + 20px);\n  left: 50%;\n  transform: translateX(calc(-50% + 0px));\n}\n@media all and (-ms-high-contrast: none) {\n  .gallery-carousel-shortcode.gallery-carousel-shortcode-id-605c08b1d993c90ad872a6ef3abb8bc0 .owl-dots {\n    transform: translateX(-50%);\n    margin-left: 0px;\n  }\n}\n.gallery-carousel-shortcode.gallery-carousel-shortcode-id-605c08b1d993c90ad872a6ef3abb8bc0 .owl-dot {\n  width: 10px;\n  height: 10px;\n  margin: 0 8px;\n}\n@media screen and (max-width: 778px) {\n  .gallery-carousel-shortcode.gallery-carousel-shortcode-id-605c08b1d993c90ad872a6ef3abb8bc0.hide-arrows .owl-nav a {\n    display: none;\n  }\n}\n@media screen and (max-width: 778px) {\n  .gallery-carousel-shortcode.gallery-carousel-shortcode-id-605c08b1d993c90ad872a6ef3abb8bc0.reposition-arrows .owl-nav .owl-prev {\n    top: 50%;\n    transform: translateY(calc(-50% + 0px));\n    left: 10px;\n  }\n  .gallery-carousel-shortcode.gallery-carousel-shortcode-id-605c08b1d993c90ad872a6ef3abb8bc0.reposition-arrows .owl-nav .owl-next {\n    top: 50%;\n    transform: translateY(calc(-50% + 0px));\n    right: 10px;\n  }\n}\n@media screen and (max-width: 778px) and all and (-ms-high-contrast: none) {\n  .gallery-carousel-shortcode.gallery-carousel-shortcode-id-605c08b1d993c90ad872a6ef3abb8bc0.reposition-arrows .owl-nav .owl-prev {\n    transform: translateY(-50%);\n    margin-top: 0px;\n  }\n}\n@media screen and (max-width: 778px) and all and (-ms-high-contrast: none) {\n  .gallery-carousel-shortcode.gallery-carousel-shortcode-id-605c08b1d993c90ad872a6ef3abb8bc0.reposition-arrows .owl-nav .owl-next {\n    transform: translateY(-50%);\n    margin-top: 0px;\n  }\n}\n.gallery-carousel-shortcode.gallery-carousel-shortcode-id-605c08b1d993c90ad872a6ef3abb8bc0 figure,\n.gallery-carousel-shortcode.gallery-carousel-shortcode-id-605c08b1d993c90ad872a6ef3abb8bc0 .rollover,\n.gallery-carousel-shortcode.gallery-carousel-shortcode-id-605c08b1d993c90ad872a6ef3abb8bc0 img,\n.gallery-carousel-shortcode.gallery-carousel-shortcode-id-605c08b1d993c90ad872a6ef3abb8bc0 .gallery-rollover {\n  border-radius: 5px;\n}\n.gallery-carousel-shortcode.gallery-carousel-shortcode-id-605c08b1d993c90ad872a6ef3abb8bc0.enable-bg-rollover .gallery-rollover {\n  background: -webkit-linear-gradient();\n  background: linear-gradient();\n}\n.gallery-carousel-shortcode.gallery-carousel-shortcode-id-605c08b1d993c90ad872a6ef3abb8bc0.enable-img-shadow .owl-stage-outer {\n  padding: 14px 0;\n}\n.gallery-carousel-shortcode.gallery-carousel-shortcode-id-605c08b1d993c90ad872a6ef3abb8bc0.enable-bg-rollover.hover-scale figure .rollover:after {\n  background: -webkit-linear-gradient();\n  background: linear-gradient();\n}\n.gallery-carousel-shortcode.gallery-carousel-shortcode-id-605c08b1d993c90ad872a6ef3abb8bc0.gallery-shortcode .gallery-zoom-ico {\n  width: 44px;\n  height: 44px;\n  line-height: 44px;\n  border-radius: 100px;\n  margin: -22px 0 0 -22px;\n  border-width: 0px;\n}\n.dt-icon-bg-on.gallery-carousel-shortcode.gallery-carousel-shortcode-id-605c08b1d993c90ad872a6ef3abb8bc0.gallery-shortcode .gallery-zoom-ico {\n  background: rgba(255,255,255,0.3);\n  box-shadow: none;\n}\n.gallery-carousel-shortcode.gallery-carousel-shortcode-id-605c08b1d993c90ad872a6ef3abb8bc0.gallery-shortcode .gallery-zoom-ico:before,\n.gallery-carousel-shortcode.gallery-carousel-shortcode-id-605c08b1d993c90ad872a6ef3abb8bc0.gallery-shortcode .gallery-zoom-ico span {\n  font-size: 32px;\n  line-height: 44px;\n  color: #ffffff;\n  background: none;\n}\n<\/style><div class=\"owl-carousel gallery-carousel-shortcode gallery-shortcode  dt-gallery-container dt-owl-carousel-call gallery-carousel-shortcode-id-605c08b1d993c90ad872a6ef3abb8bc0 scale-img enable-bg-rollover meta-info-off dt-arrow-border-on dt-arrow-hover-border-on bullets-small-dot-stroke reposition-arrows dt-icon-bg-off arrows-bg-on disable-arrows-hover-bg arrows-hover-bg-on  hover-fade \" data-scroll-mode=\"1\" data-col-num=\"1\" data-wide-col-num=\"1\" data-laptop-col=\"1\" data-h-tablet-columns-num=\"1\" data-v-tablet-columns-num=\"1\" data-phone-columns-num=\"1\" data-col-gap=\"10\" data-stage-padding=\"0\" data-speed=\"600\" data-autoplay=\"false\" data-autoplay_speed=\"6000\" data-arrows=\"true\" data-bullet=\"false\" data-next-icon=\"icon-ar-017-r\" data-prev-icon=\"icon-ar-017-l\" data-img-shadow-size=\"12px\" data-img-shadow-spread=\"3px\"><div data-post-id=\"688\" data-date=\"2024-09-20T18:14:46+02:00\" data-name=\"pdm-SUP5\"><figure class=\"post\"><a href=\"https:\/\/www.palazzodeimori.it\/wp-content\/uploads\/2024\/09\/pdm-SUP5.jpg\" class=\"rollover dt-pswp-item layzr-bg\" data-large_image_width=\"2560\" data-large_image_height=\"1707\" data-dt-img-description=\"\" title=\"pdm-SUP5\"><img fetchpriority=\"high\" decoding=\"async\" class=\"preload-me owl-lazy-load aspect\" src=\"data:image\/svg+xml,%3Csvg%20xmlns%3D&#39;http%3A%2F%2Fwww.w3.org%2F2000%2Fsvg&#39;%20viewBox%3D&#39;0%200%202276%201706&#39;%2F%3E\" data-src=\"https:\/\/www.palazzodeimori.it\/wp-content\/uploads\/2024\/09\/pdm-SUP5-2276x1706.jpg\" data-srcset=\"https:\/\/www.palazzodeimori.it\/wp-content\/uploads\/2024\/09\/pdm-SUP5-2276x1706.jpg 2276w\" loading=\"eager\" style=\"--ratio: 2276 \/ 1706\" sizes=\"(max-width: 2276px) 100vw, 2276px\" alt=\"\" width=\"2276\" height=\"1706\"  \/><span class=\"gallery-rollover\"><\/span><\/a><\/figure><\/div><div data-post-id=\"526\" data-date=\"2024-09-20T18:12:49+02:00\" data-name=\"pdm-DLX5_2\"><figure class=\"post\"><a href=\"https:\/\/www.palazzodeimori.it\/wp-content\/uploads\/2024\/09\/pdm-DLX5_2.jpg\" class=\"rollover dt-pswp-item layzr-bg\" data-large_image_width=\"2560\" data-large_image_height=\"1707\" data-dt-img-description=\"\" title=\"pdm-DLX5_2\"><img decoding=\"async\" class=\"preload-me owl-lazy-load aspect\" src=\"data:image\/svg+xml,%3Csvg%20xmlns%3D&#39;http%3A%2F%2Fwww.w3.org%2F2000%2Fsvg&#39;%20viewBox%3D&#39;0%200%202276%201706&#39;%2F%3E\" data-src=\"https:\/\/www.palazzodeimori.it\/wp-content\/uploads\/2024\/09\/pdm-DLX5_2-2276x1706.jpg\" data-srcset=\"https:\/\/www.palazzodeimori.it\/wp-content\/uploads\/2024\/09\/pdm-DLX5_2-2276x1706.jpg 2276w\" loading=\"eager\" style=\"--ratio: 2276 \/ 1706\" sizes=\"(max-width: 2276px) 100vw, 2276px\" alt=\"\" width=\"2276\" height=\"1706\"  \/><span class=\"gallery-rollover\"><\/span><\/a><\/figure><\/div><div data-post-id=\"628\" data-date=\"2024-09-20T18:14:02+02:00\" data-name=\"pdm-JS4\"><figure class=\"post\"><a href=\"https:\/\/www.palazzodeimori.it\/wp-content\/uploads\/2024\/09\/pdm-JS4.jpg\" class=\"rollover dt-pswp-item layzr-bg\" data-large_image_width=\"2560\" data-large_image_height=\"1707\" data-dt-img-description=\"\" title=\"pdm-JS4\"><img decoding=\"async\" class=\"preload-me owl-lazy-load aspect\" src=\"data:image\/svg+xml,%3Csvg%20xmlns%3D&#39;http%3A%2F%2Fwww.w3.org%2F2000%2Fsvg&#39;%20viewBox%3D&#39;0%200%202276%201706&#39;%2F%3E\" data-src=\"https:\/\/www.palazzodeimori.it\/wp-content\/uploads\/2024\/09\/pdm-JS4-2276x1706.jpg\" data-srcset=\"https:\/\/www.palazzodeimori.it\/wp-content\/uploads\/2024\/09\/pdm-JS4-2276x1706.jpg 2276w\" loading=\"eager\" style=\"--ratio: 2276 \/ 1706\" sizes=\"(max-width: 2276px) 100vw, 2276px\" alt=\"\" width=\"2276\" height=\"1706\"  \/><span class=\"gallery-rollover\"><\/span><\/a><\/figure><\/div><div data-post-id=\"637\" data-date=\"2024-09-20T18:14:09+02:00\" data-name=\"pdm-JSTerrace1\"><figure class=\"post\"><a href=\"https:\/\/www.palazzodeimori.it\/wp-content\/uploads\/2024\/09\/pdm-JSTerrace1.jpg\" class=\"rollover dt-pswp-item layzr-bg\" data-large_image_width=\"2560\" data-large_image_height=\"1707\" data-dt-img-description=\"\" title=\"pdm-JSTerrace1\"><img decoding=\"async\" class=\"preload-me owl-lazy-load aspect\" src=\"data:image\/svg+xml,%3Csvg%20xmlns%3D&#39;http%3A%2F%2Fwww.w3.org%2F2000%2Fsvg&#39;%20viewBox%3D&#39;0%200%202276%201706&#39;%2F%3E\" data-src=\"https:\/\/www.palazzodeimori.it\/wp-content\/uploads\/2024\/09\/pdm-JSTerrace1-2276x1706.jpg\" data-srcset=\"https:\/\/www.palazzodeimori.it\/wp-content\/uploads\/2024\/09\/pdm-JSTerrace1-2276x1706.jpg 2276w\" loading=\"eager\" style=\"--ratio: 2276 \/ 1706\" sizes=\"(max-width: 2276px) 100vw, 2276px\" alt=\"\" width=\"2276\" height=\"1706\"  \/><span class=\"gallery-rollover\"><\/span><\/a><\/figure><\/div><\/div>[\/vc_column][\/vc_row][vc_row full_width=\u00bbstretch_row_content\u00bb content_placement=\u00bbmiddle\u00bb css=\u00bb.vc_custom_1727207363941{padding-top: 60px !important;padding-bottom: 20px !important;}\u00bb][vc_column width=\u00bb1\/2&#8243; css=\u00bb.vc_custom_1726851124941{padding-right: 100px !important;padding-left: 100px !important;}\u00bb][vc_single_image image=\u00bb94&#8243; img_size=\u00bb1280&#215;1024&#8243; alignment=\u00bbright\u00bb css=\u00bb\u00bb][\/vc_column][vc_column width=\u00bb1\/2&#8243; css=\u00bb.vc_custom_1726851154925{padding-right: 100px !important;padding-left: 100px !important;}\u00bb][vc_column_text css=\u00bb\u00bb]<\/p>\n<h2>OFERTAS ESPECIALES<\/h2>\n<p>[\/vc_column_text][vc_column_text css=\u00bb\u00bb]Siempre encontrar\u00e1 la tarifa m\u00e1s baja en nuestro sitio web.<br \/>Reserve ahora su pr\u00f3xima estancia en Venecia con un 10% de descuento. [\/vc_column_text][\/vc_column][\/vc_row]<\/p>\n<\/div>","protected":false},"excerpt":{"rendered":"<p>[vc_row full_width=\u00bbstretch_row_content_no_spaces\u00bb content_placement=\u00bbmiddle\u00bb css=\u00bb.vc_custom_1726850346423{padding-top: 0px !important;padding-bottom: 0px !important;background-color: #8c7947 !important;}\u00bb][vc_column width=\u00bb2\/3&#8243; css=\u00bb.vc_custom_1726849765880{padding-top: 0px !important;padding-bottom: 0px !important;}\u00bb][\/vc_column][vc_column width=\u00bb1\/3&#8243;][vc_column_text css=\u00bb.vc_custom_1726850414155{padding-right: 100px !important;padding-left: 100px !important;}\u00bb] PALAZZO DEI MORI El Palazzo dei Mori tiene la suerte de encontrarse en un lugar privilegiado de Venecia, uno de los m\u00e1s tradicionales de la ciudad, que ha conservado intacto el \u00abestilo de&hellip;<\/p>\n","protected":false},"author":1,"featured_media":0,"parent":0,"menu_order":0,"comment_status":"closed","ping_status":"closed","template":"","meta":{"footnotes":""},"class_list":["post-395","page","type-page","status-publish","hentry","description-off"],"_links":{"self":[{"href":"https:\/\/www.palazzodeimori.it\/es\/wp-json\/wp\/v2\/pages\/395","targetHints":{"allow":["GET"]}}],"collection":[{"href":"https:\/\/www.palazzodeimori.it\/es\/wp-json\/wp\/v2\/pages"}],"about":[{"href":"https:\/\/www.palazzodeimori.it\/es\/wp-json\/wp\/v2\/types\/page"}],"author":[{"embeddable":true,"href":"https:\/\/www.palazzodeimori.it\/es\/wp-json\/wp\/v2\/users\/1"}],"replies":[{"embeddable":true,"href":"https:\/\/www.palazzodeimori.it\/es\/wp-json\/wp\/v2\/comments?post=395"}],"version-history":[{"count":0,"href":"https:\/\/www.palazzodeimori.it\/es\/wp-json\/wp\/v2\/pages\/395\/revisions"}],"wp:attachment":[{"href":"https:\/\/www.palazzodeimori.it\/es\/wp-json\/wp\/v2\/media?parent=395"}],"curies":[{"name":"wp","href":"https:\/\/api.w.org\/{rel}","templated":true}]}}