{"id":403,"date":"2024-09-20T19:11:40","date_gmt":"2024-09-20T17:11:40","guid":{"rendered":"https:\/\/www.palazzodeimori.it\/servicios\/"},"modified":"2025-02-06T12:58:02","modified_gmt":"2025-02-06T11:58:02","slug":"servicios","status":"publish","type":"page","link":"https:\/\/www.palazzodeimori.it\/es\/servicios\/","title":{"rendered":"Servicios"},"content":{"rendered":"<div class=\"wpb-content-wrapper\"><p>[vc_row full_width=\u00bbstretch_row_content_no_spaces\u00bb bg_type=\u00bbimage\u00bb parallax_style=\u00bbvcpb-default\u00bb bg_image_new=\u00bbid^264|url^https:\/\/www.palazzodeimori.it\/wp-content\/uploads\/2024\/09\/servizi.jpg|caption^null|alt^null|title^servizi|description^null\u00bb bg_image_repeat=\u00bbno-repeat\u00bb][vc_column][vc_empty_space height=\u00bb800px\u00bb el_class=\u00bbimage-page-top\u00bb][\/vc_column][\/vc_row][vc_row css=\u00bb.vc_custom_1727081877911{padding-top: 70px !important;padding-bottom: 30px !important;}\u00bb][vc_column][vc_column_text css=\u00bb\u00bb]<\/p>\n<h1 style=\"text-align: center;\">SERVICIOS DE HABITACIONES<\/h1>\n<p>[\/vc_column_text][vc_separator color=\u00bbcustom\u00bb el_width=\u00bb30&#8243; css=\u00bb\u00bb accent_color=\u00bb#ab8667&#8243;][vc_row_inner][vc_column_inner width=\u00bb1\/3&#8243;][vc_column_text css=\u00bb\u00bb]<\/p>\n<ul>\n<li><em>Frigobar<\/em><\/li>\n<li><em>Almohadas no alerg\u00e9nicas<\/em><\/li>\n<li><em>TV LCD v\u00eda sat\u00e9lite<\/em><\/li>\n<li><em>Enchufes ubs y ubs\/c de \u00faltima generaci\u00f3n<\/em><\/li>\n<li><em>Wi-Fi gratuito<\/em><\/li>\n<\/ul>\n<p>[\/vc_column_text][\/vc_column_inner][vc_column_inner width=\u00bb1\/3&#8243;][vc_column_text css=\u00bb\u00bb]<\/p>\n<ul>\n<li><em>Secador de pelo profesional<\/em><\/li>\n<li><em>Caja fuerte<\/em><\/li>\n<li><em>L\u00ednea de cortes\u00eda<\/em><\/li>\n<li><em>Cuna<\/em><\/li>\n<li><em>Aire acondicionado regulable \u00abSilent\u00bb antirruido<\/em><\/li>\n<\/ul>\n<p>[\/vc_column_text][\/vc_column_inner][vc_column_inner width=\u00bb1\/3&#8243;][vc_column_text css=\u00bb\u00bb]<\/p>\n<ul>\n<li><em>Calefacci\u00f3n regulable \u00abSilent\u00bb antirruido<\/em><\/li>\n<li><em>Habitaciones insonorizadas<\/em><\/li>\n<li><em>Hotel para no fumadores<\/em><\/li>\n<li><em>Limpieza diaria<\/em><\/li>\n<\/ul>\n<p>[\/vc_column_text][\/vc_column_inner][\/vc_row_inner][\/vc_column][\/vc_row][vc_row css=\u00bb.vc_custom_1727081888153{padding-top: 70px !important;padding-bottom: 30px !important;}\u00bb][vc_column][vc_column_text css=\u00bb\u00bb]<\/p>\n<h1 style=\"text-align: center;\">SERVICIOS EXTERNOS<\/h1>\n<p>[\/vc_column_text][vc_separator color=\u00bbcustom\u00bb el_width=\u00bb30&#8243; css=\u00bb\u00bb accent_color=\u00bb#ab8667&#8243;][vc_row_inner][vc_column_inner width=\u00bb1\/3&#8243;][vc_column_text css=\u00bb\u00bb]<\/p>\n<ul>\n<li><em>Desayuno incluido en el precio de la habitaci\u00f3n<\/em><\/li>\n<li><em>Internet Wi-Fi gratuito<\/em><\/li>\n<li><em>Informaci\u00f3n tur\u00edstica<\/em><\/li>\n<\/ul>\n<p>[\/vc_column_text][\/vc_column_inner][vc_column_inner width=\u00bb1\/3&#8243;][vc_column_text css=\u00bb\u00bb]<\/p>\n<ul>\n<li><em>Visita gratuita a una f\u00e1brica de vidrio<\/em><\/li>\n<li><em>Reserva de taxis, restaurantes y museos<\/em><\/li>\n<li><em>Consigna de equipaje gratuita<\/em><\/li>\n<\/ul>\n<p>[\/vc_column_text][\/vc_column_inner][vc_column_inner width=\u00bb1\/3&#8243;][vc_column_text css=\u00bb\u00bb]<\/p>\n<ul>\n<li><em>Traslados desde y hasta el aeropuerto y la estaci\u00f3n (cargo adicional)<\/em><\/li>\n<li><em>Bebida de bienvenida<\/em><\/li>\n<li><em>Hotel para no fumadores<\/em><\/li>\n<\/ul>\n<p>[\/vc_column_text][\/vc_column_inner][\/vc_row_inner][\/vc_column][\/vc_row][vc_row css=\u00bb.vc_custom_1726850665226{padding-top: 70px !important;padding-bottom: 70px !important;}\u00bb][vc_column][vc_column_text css=\u00bb\u00bb]<\/p>\n<h1 style=\"text-align: center;\">SELF CHECK-IN<\/h1>\n<p>[\/vc_column_text][vc_separator color=\u00bbcustom\u00bb el_width=\u00bb30&#8243; css=\u00bb\u00bb accent_color=\u00bb#ab8667&#8243;][vc_column_text css=\u00bb\u00bb]<\/p>\n<p style=\"text-align: center;\">En el Palazzo di Mori puede llegar cuando quiera gracias al auto check-in. Solo tiene que comunicarnos con antelaci\u00f3n a qu\u00e9 hora llegar\u00e1 a Venecia y le facilitaremos toda la informaci\u00f3n necesaria para acceder a su habitaci\u00f3n.<\/p>\n<p>[\/vc_column_text][\/vc_column][\/vc_row]<\/p>\n<\/div>","protected":false},"excerpt":{"rendered":"<p>[vc_row full_width=\u00bbstretch_row_content_no_spaces\u00bb bg_type=\u00bbimage\u00bb parallax_style=\u00bbvcpb-default\u00bb bg_image_new=\u00bbid^264|url^https:\/\/www.palazzodeimori.it\/wp-content\/uploads\/2024\/09\/servizi.jpg|caption^null|alt^null|title^servizi|description^null\u00bb bg_image_repeat=\u00bbno-repeat\u00bb][vc_column][vc_empty_space height=\u00bb800px\u00bb el_class=\u00bbimage-page-top\u00bb][\/vc_column][\/vc_row][vc_row css=\u00bb.vc_custom_1727081877911{padding-top: 70px !important;padding-bottom: 30px !important;}\u00bb][vc_column][vc_column_text css=\u00bb\u00bb] SERVICIOS DE HABITACIONES [\/vc_column_text][vc_separator color=\u00bbcustom\u00bb el_width=\u00bb30&#8243; css=\u00bb\u00bb accent_color=\u00bb#ab8667&#8243;][vc_row_inner][vc_column_inner width=\u00bb1\/3&#8243;][vc_column_text css=\u00bb\u00bb] Frigobar Almohadas no alerg\u00e9nicas TV LCD v\u00eda sat\u00e9lite Enchufes ubs y ubs\/c de \u00faltima generaci\u00f3n Wi-Fi gratuito [\/vc_column_text][\/vc_column_inner][vc_column_inner width=\u00bb1\/3&#8243;][vc_column_text css=\u00bb\u00bb] Secador de pelo profesional Caja fuerte L\u00ednea de cortes\u00eda Cuna Aire&hellip;<\/p>\n","protected":false},"author":1,"featured_media":0,"parent":0,"menu_order":0,"comment_status":"closed","ping_status":"closed","template":"","meta":{"footnotes":""},"class_list":["post-403","page","type-page","status-publish","hentry","description-off"],"_links":{"self":[{"href":"https:\/\/www.palazzodeimori.it\/es\/wp-json\/wp\/v2\/pages\/403","targetHints":{"allow":["GET"]}}],"collection":[{"href":"https:\/\/www.palazzodeimori.it\/es\/wp-json\/wp\/v2\/pages"}],"about":[{"href":"https:\/\/www.palazzodeimori.it\/es\/wp-json\/wp\/v2\/types\/page"}],"author":[{"embeddable":true,"href":"https:\/\/www.palazzodeimori.it\/es\/wp-json\/wp\/v2\/users\/1"}],"replies":[{"embeddable":true,"href":"https:\/\/www.palazzodeimori.it\/es\/wp-json\/wp\/v2\/comments?post=403"}],"version-history":[{"count":1,"href":"https:\/\/www.palazzodeimori.it\/es\/wp-json\/wp\/v2\/pages\/403\/revisions"}],"predecessor-version":[{"id":710,"href":"https:\/\/www.palazzodeimori.it\/es\/wp-json\/wp\/v2\/pages\/403\/revisions\/710"}],"wp:attachment":[{"href":"https:\/\/www.palazzodeimori.it\/es\/wp-json\/wp\/v2\/media?parent=403"}],"curies":[{"name":"wp","href":"https:\/\/api.w.org\/{rel}","templated":true}]}}