{"id":405,"date":"2024-09-20T19:11:30","date_gmt":"2024-09-20T17:11:30","guid":{"rendered":"https:\/\/www.palazzodeimori.it\/posicion\/"},"modified":"2024-09-20T19:11:30","modified_gmt":"2024-09-20T17:11:30","slug":"posicion","status":"publish","type":"page","link":"https:\/\/www.palazzodeimori.it\/es\/posicion\/","title":{"rendered":"POSICI\u00d3N"},"content":{"rendered":"<div class=\"wpb-content-wrapper\"><p>[vc_row full_width=\u00bbstretch_row_content_no_spaces\u00bb bg_type=\u00bbimage\u00bb parallax_style=\u00bbvcpb-default\u00bb bg_image_new=\u00bbid^262|url^https:\/\/www.palazzodeimori.it\/wp-content\/uploads\/2024\/09\/posizione.jpg|caption^null|alt^null|title^posizione|description^null\u00bb bg_image_repeat=\u00bbno-repeat\u00bb][vc_column][vc_empty_space height=\u00bb800px\u00bb el_class=\u00bbimage-page-top\u00bb][\/vc_column][\/vc_row][vc_row css=\u00bb.vc_custom_1726850665226{padding-top: 70px !important;padding-bottom: 70px !important;}\u00bb][vc_column][vc_column_text css=\u00bb\u00bb]<\/p>\n<h1 style=\"text-align: center;\">POSICI\u00d3N<\/h1>\n<p>[\/vc_column_text][vc_separator color=\u00bbcustom\u00bb el_width=\u00bb30&#8243; css=\u00bb\u00bb accent_color=\u00bb#ab8667&#8243;][vc_column_text css=\u00bb\u00bb]<\/p>\n<p style=\"text-align: center;\">El Palazzo dei Mori est\u00e1 situado en el barrio de Castello, en el coraz\u00f3n de la Venecia m\u00e1s aut\u00e9ntica, el punto de partida ideal para cualquier itinerario por la ciudad y la laguna.<\/p>\n<p>[\/vc_column_text][\/vc_column][\/vc_row][vc_row full_width=\u00bbstretch_row\u00bb bg_type=\u00bbbg_color\u00bb css=\u00bb.vc_custom_1727082928311{padding-top: 70px !important;padding-bottom: 70px !important;}\u00bb bg_color_value=\u00bb#fffbd1&#8243;][vc_column][vc_column_text css=\u00bb\u00bb]<\/p>\n<h2 style=\"text-align: center;\">C\u00d3MO LLEGAR<\/h2>\n<p>[\/vc_column_text][vc_gmaps link=\u00bb#E-8_JTNDaWZyYW1lJTIwc3JjJTNEJTIyaHR0cHMlM0ElMkYlMkZ3d3cuZ29vZ2xlLmNvbSUyRm1hcHMlMkZlbWJlZCUzRnBiJTNEJTIxMW0xOCUyMTFtMTIlMjExbTMlMjExZDE4ODMyLjc2MDc0NDIwNzk4NiUyMTJkMTIuMzM3NjAxMzIyNzIwMDEyJTIxM2Q0NS40Mzk0NDU4OTI5MzI1MjUlMjEybTMlMjExZjAlMjEyZjAlMjEzZjAlMjEzbTIlMjExaTEwMjQlMjEyaTc2OCUyMTRmMTMuMSUyMTNtMyUyMTFtMiUyMTFzMHg0NzdlYWZiZDU1ZWZlODU5JTI1M0EweGM4YTJjYTY1ZDVjNDgyYmElMjEyc1BhbGF6em8lMjUyMGRlaSUyNTIwTW9yaSUyMTVlMCUyMTNtMiUyMTFzaXQlMjEyc2l0JTIxNHYxNzI3MDgyODc2NzYwJTIxNW0yJTIxMXNpdCUyMTJzaXQlMjIlMjB3aWR0aCUzRCUyMjYwMCUyMiUyMGhlaWdodCUzRCUyMjQ1MCUyMiUyMHN0eWxlJTNEJTIyYm9yZGVyJTNBMCUzQiUyMiUyMGFsbG93ZnVsbHNjcmVlbiUzRCUyMiUyMiUyMGxvYWRpbmclM0QlMjJsYXp5JTIyJTIwcmVmZXJyZXJwb2xpY3klM0QlMjJuby1yZWZlcnJlci13aGVuLWRvd25ncmFkZSUyMiUzRSUzQyUyRmlmcmFtZSUzRQ==\u00bb size=\u00bb600px\u00bb css=\u00bb\u00bb][vc_row_inner][vc_column_inner width=\u00bb1\/2&#8243;][vc_column_text css=\u00bb\u00bb]<\/p>\n<h3>En avi\u00f3n<\/h3>\n<p>Desde el aeropuerto Marco Polo tomar el vaporetto Alilaguna con parada \u00abOspedale\u00bb Duraci\u00f3n 45 minutos, luego a la izquierda a lo largo de la laguna, bajar a la derecha hasta la mitad del Campiello Santa Giustina y luego de nuevo a la derecha hasta la primera calle a la izquierda (calle Muazzo n. 6457. Ruta sin puentes.  <\/p>\n<h3>Por agua<\/h3>\n<p>En Taxi indicar el destino \u00abRio de San Giovanni in Laterano\u00bb al borde del agua del Ponte Muazzo en el lado derecho si se llega desde Fandamenta Nuove en el caso contrario en el lado izquierdo; pasar el sottoportego y a 20 mt. se llega a Calle Muazzo.<\/p>\n<h3>En tren<\/h3>\n<p>Desde la estaci\u00f3n tomar el vaporetto 5.2 parada \u00abOspedale\u00bb, luego a la izquierda a lo largo de la laguna, luego bajar a la derecha hasta la mitad del Campiello Santa Giustina, y otra vez a la derecha hasta la primera calle a la izquierda (Calle Muazzo). Recorrido sin puentes. [\/vc_column_text][\/vc_column_inner][vc_column_inner width=\u00bb1\/2&#8243;][vc_column_text css=\u00bb\u00bb]<\/p>\n<h3>En coche<\/h3>\n<p>Deje su coche en uno de los dos aparcamientos de piazzale Roma, luego tome el vaporetto 5.2 parada \u00abOspedale\u00bb, luego a la izquierda a lo largo de la laguna, luego hacia abajo a la derecha hasta la mitad de Campiello Santa Giustina, y de nuevo a la derecha hasta la primera calle a la izquierda (calle Muazzo). Ruta sin puentes. <\/p>\n<h3>Distancias desde los puntos de inter\u00e9s<\/h3>\n<ul>\n<li>Bas\u00edlica de San Juan y San Pablo 200 m. 5 minutos. <\/li>\n<li>Fondamenta nuove 200 metros 5 minutos.<\/li>\n<li>Bas\u00edlica de San Marcos 700 metros 15 minutos. <\/li>\n<li>Palacio Ducal 700 metros 15 minutos.<\/li>\n<li>Puente de los Suspiros 700 mt 15 mt.<\/li>\n<li>Puente de Rialto 500 metros 10 minutos.<\/li>\n<\/ul>\n<p>[\/vc_column_text][\/vc_column_inner][\/vc_row_inner][\/vc_column][\/vc_row]<\/p>\n<\/div>","protected":false},"excerpt":{"rendered":"<p>[vc_row full_width=\u00bbstretch_row_content_no_spaces\u00bb bg_type=\u00bbimage\u00bb parallax_style=\u00bbvcpb-default\u00bb bg_image_new=\u00bbid^262|url^https:\/\/www.palazzodeimori.it\/wp-content\/uploads\/2024\/09\/posizione.jpg|caption^null|alt^null|title^posizione|description^null\u00bb bg_image_repeat=\u00bbno-repeat\u00bb][vc_column][vc_empty_space height=\u00bb800px\u00bb el_class=\u00bbimage-page-top\u00bb][\/vc_column][\/vc_row][vc_row css=\u00bb.vc_custom_1726850665226{padding-top: 70px !important;padding-bottom: 70px !important;}\u00bb][vc_column][vc_column_text css=\u00bb\u00bb] POSICI\u00d3N [\/vc_column_text][vc_separator color=\u00bbcustom\u00bb el_width=\u00bb30&#8243; css=\u00bb\u00bb accent_color=\u00bb#ab8667&#8243;][vc_column_text css=\u00bb\u00bb] El Palazzo dei Mori est\u00e1 situado en el barrio de Castello, en el coraz\u00f3n de la Venecia m\u00e1s aut\u00e9ntica, el punto de partida ideal para cualquier itinerario por la ciudad y la laguna. [\/vc_column_text][\/vc_column][\/vc_row][vc_row&hellip;<\/p>\n","protected":false},"author":1,"featured_media":0,"parent":0,"menu_order":0,"comment_status":"closed","ping_status":"closed","template":"","meta":{"footnotes":""},"class_list":["post-405","page","type-page","status-publish","hentry","description-off"],"_links":{"self":[{"href":"https:\/\/www.palazzodeimori.it\/es\/wp-json\/wp\/v2\/pages\/405","targetHints":{"allow":["GET"]}}],"collection":[{"href":"https:\/\/www.palazzodeimori.it\/es\/wp-json\/wp\/v2\/pages"}],"about":[{"href":"https:\/\/www.palazzodeimori.it\/es\/wp-json\/wp\/v2\/types\/page"}],"author":[{"embeddable":true,"href":"https:\/\/www.palazzodeimori.it\/es\/wp-json\/wp\/v2\/users\/1"}],"replies":[{"embeddable":true,"href":"https:\/\/www.palazzodeimori.it\/es\/wp-json\/wp\/v2\/comments?post=405"}],"version-history":[{"count":0,"href":"https:\/\/www.palazzodeimori.it\/es\/wp-json\/wp\/v2\/pages\/405\/revisions"}],"wp:attachment":[{"href":"https:\/\/www.palazzodeimori.it\/es\/wp-json\/wp\/v2\/media?parent=405"}],"curies":[{"name":"wp","href":"https:\/\/api.w.org\/{rel}","templated":true}]}}