{"id":385,"date":"2024-09-20T19:11:40","date_gmt":"2024-09-20T17:11:40","guid":{"rendered":"https:\/\/www.palazzodeimori.it\/services\/"},"modified":"2025-02-06T12:57:17","modified_gmt":"2025-02-06T11:57:17","slug":"services","status":"publish","type":"page","link":"https:\/\/www.palazzodeimori.it\/fr\/services\/","title":{"rendered":"Services"},"content":{"rendered":"<div class=\"wpb-content-wrapper\"><p>[vc_row full_width=\u00a0\u00bbstretch_row_content_no_spaces\u00a0\u00bb bg_type=\u00a0\u00bbimage\u00a0\u00bb parallax_style=\u00a0\u00bbvcpb-default\u00a0\u00bb bg_image_new=\u00a0\u00bbid^264|url^https:\/\/www.palazzodeimori.it\/wp-content\/uploads\/2024\/09\/servizi.jpg|caption^null|alt^null|title^servizi|description^null\u00a0\u00bb bg_image_repeat=\u00a0\u00bbno-repeat\u00a0\u00bb][vc_column][vc_empty_space height=\u00a0\u00bb800px\u00a0\u00bb el_class=\u00a0\u00bbimage-page-top\u00a0\u00bb][\/vc_column][\/vc_row][vc_row css=\u00a0\u00bb.vc_custom_1727081877911{padding-top: 70px !important;padding-bottom: 30px !important;}\u00a0\u00bb][vc_column][vc_column_text css=\u00a0\u00bb\u00a0\u00bb]<\/p>\n<h1 style=\"text-align: center;\">SERVICES DE LA CHAMBRE<\/h1>\n<p>[\/vc_column_text][vc_separator color=\u00a0\u00bbcustom\u00a0\u00bb el_width=\u00a0\u00bb30&Prime; css=\u00a0\u00bb\u00a0\u00bb accent_color=\u00a0\u00bb#ab8667&Prime;][vc_row_inner][vc_column_inner width=\u00a0\u00bb1\/3&Prime;][vc_column_text css=\u00a0\u00bb\u00a0\u00bb]<\/p>\n<ul>\n<li>Frigobar<\/li>\n<li>Oreillers anti-allerg\u00e9niques<\/li>\n<li>TV LCD par satellite<\/li>\n<li>Prises ubs et ubs\/c de derni\u00e8re g\u00e9n\u00e9ration<\/li>\n<li>Wi-Fi gratuit<\/li>\n<\/ul>\n<p>[\/vc_column_text][\/vc_column_inner][vc_column_inner width=\u00a0\u00bb1\/3&Prime;][vc_column_text css=\u00a0\u00bb\u00a0\u00bb]<\/p>\n<ul>\n<li>S\u00e8che-cheveux professionnel<\/li>\n<li>Coffre-fort<\/li>\n<li>Ligne de courtoisie<\/li>\n<li>Lit b\u00e9b\u00e9<\/li>\n<li>Climatisation r\u00e9glable \u00ab Silent \u00bb syst\u00e8me anti-bruit<\/li>\n<\/ul>\n<p>[\/vc_column_text][\/vc_column_inner][vc_column_inner width=\u00a0\u00bb1\/3&Prime;][vc_column_text css=\u00a0\u00bb\u00a0\u00bb]<\/p>\n<ul>\n<li>Chauffage r\u00e9glable \u00ab Silent \u00bb syst\u00e8me anti-bruit<\/li>\n<li>Chambres insonoris\u00e9es<\/li>\n<li>H\u00f4tel non fumeur<\/li>\n<li>Le m\u00e9nage est effectu\u00e9 quotidiennement<\/li>\n<\/ul>\n<p>[\/vc_column_text][\/vc_column_inner][\/vc_row_inner][\/vc_column][\/vc_row][vc_row css=\u00a0\u00bb.vc_custom_1727081888153{padding-top: 70px !important;padding-bottom: 30px !important;}\u00a0\u00bb][vc_column][vc_column_text css=\u00a0\u00bb\u00a0\u00bb]<\/p>\n<h1 style=\"text-align: center;\">SERVICES EXTERNES<\/h1>\n<p>[\/vc_column_text][vc_separator color=\u00a0\u00bbcustom\u00a0\u00bb el_width=\u00a0\u00bb30&Prime; css=\u00a0\u00bb\u00a0\u00bb accent_color=\u00a0\u00bb#ab8667&Prime;][vc_row_inner][vc_column_inner width=\u00a0\u00bb1\/3&Prime;][vc_column_text css=\u00a0\u00bb\u00a0\u00bb]<\/p>\n<ul>\n<li>d\u00e9jeuner inclus dans le prix de la chambre<\/li>\n<li>Internet Wi-Fi gratuit<\/li>\n<li>Informations touristiques<\/li>\n<\/ul>\n<p>[\/vc_column_text][\/vc_column_inner][vc_column_inner width=\u00a0\u00bb1\/3&Prime;][vc_column_text css=\u00a0\u00bb\u00a0\u00bb]<\/p>\n<ul>\n<li>Visite gratuite d&rsquo;une verrerie<\/li>\n<li>R\u00e9servation de taxis, restaurants, mus\u00e9es<\/li>\n<li>Consigne \u00e0 bagages gratuite<\/li>\n<\/ul>\n<p>[\/vc_column_text][\/vc_column_inner][vc_column_inner width=\u00a0\u00bb1\/3&Prime;][vc_column_text css=\u00a0\u00bb\u00a0\u00bb]<\/p>\n<ul>\n<li>Transferts de et vers l&rsquo;a\u00e9roport et la gare (en suppl\u00e9ment)<\/li>\n<li>Boisson de bienvenue<\/li>\n<li>H\u00f4tel non fumeur<\/li>\n<\/ul>\n<p>[\/vc_column_text][\/vc_column_inner][\/vc_row_inner][\/vc_column][\/vc_row][vc_row css=\u00a0\u00bb.vc_custom_1726850665226{padding-top: 70px !important;padding-bottom: 70px !important;}\u00a0\u00bb][vc_column][vc_column_text css=\u00a0\u00bb\u00a0\u00bb]<\/p>\n<h1 style=\"text-align: center;\">SELF CHECK-IN<\/h1>\n<p>[\/vc_column_text][vc_separator color=\u00a0\u00bbcustom\u00a0\u00bb el_width=\u00a0\u00bb30&Prime; css=\u00a0\u00bb\u00a0\u00bb accent_color=\u00a0\u00bb#ab8667&Prime;][vc_column_text css=\u00a0\u00bb\u00a0\u00bb]<\/p>\n<p style=\"text-align: center;\">Au Palazzo di Mori, vous pouvez arriver quand vous le souhaitez gr\u00e2ce \u00e0 l&rsquo;enregistrement automatique. Il vous suffit de nous indiquer \u00e0 l&rsquo;avance l&rsquo;heure \u00e0 laquelle vous serez \u00e0 Venise et nous vous fournirons toutes les informations n\u00e9cessaires pour acc\u00e9der \u00e0 votre chambre.<\/p>\n<p>[\/vc_column_text][\/vc_column][\/vc_row]<\/p>\n<\/div>","protected":false},"excerpt":{"rendered":"<p>[vc_row full_width=\u00a0\u00bbstretch_row_content_no_spaces\u00a0\u00bb bg_type=\u00a0\u00bbimage\u00a0\u00bb parallax_style=\u00a0\u00bbvcpb-default\u00a0\u00bb bg_image_new=\u00a0\u00bbid^264|url^https:\/\/www.palazzodeimori.it\/wp-content\/uploads\/2024\/09\/servizi.jpg|caption^null|alt^null|title^servizi|description^null\u00a0\u00bb bg_image_repeat=\u00a0\u00bbno-repeat\u00a0\u00bb][vc_column][vc_empty_space height=\u00a0\u00bb800px\u00a0\u00bb el_class=\u00a0\u00bbimage-page-top\u00a0\u00bb][\/vc_column][\/vc_row][vc_row css=\u00a0\u00bb.vc_custom_1727081877911{padding-top: 70px !important;padding-bottom: 30px !important;}\u00a0\u00bb][vc_column][vc_column_text css=\u00a0\u00bb\u00a0\u00bb] SERVICES DE LA CHAMBRE [\/vc_column_text][vc_separator color=\u00a0\u00bbcustom\u00a0\u00bb el_width=\u00a0\u00bb30&Prime; css=\u00a0\u00bb\u00a0\u00bb accent_color=\u00a0\u00bb#ab8667&Prime;][vc_row_inner][vc_column_inner width=\u00a0\u00bb1\/3&Prime;][vc_column_text css=\u00a0\u00bb\u00a0\u00bb] Frigobar Oreillers anti-allerg\u00e9niques TV LCD par satellite Prises ubs et ubs\/c de derni\u00e8re g\u00e9n\u00e9ration Wi-Fi gratuit [\/vc_column_text][\/vc_column_inner][vc_column_inner width=\u00a0\u00bb1\/3&Prime;][vc_column_text css=\u00a0\u00bb\u00a0\u00bb] S\u00e8che-cheveux professionnel Coffre-fort Ligne de courtoisie Lit b\u00e9b\u00e9 Climatisation r\u00e9glable \u00ab&hellip;<\/p>\n","protected":false},"author":1,"featured_media":0,"parent":0,"menu_order":0,"comment_status":"closed","ping_status":"closed","template":"","meta":{"footnotes":""},"class_list":["post-385","page","type-page","status-publish","hentry","description-off"],"_links":{"self":[{"href":"https:\/\/www.palazzodeimori.it\/fr\/wp-json\/wp\/v2\/pages\/385","targetHints":{"allow":["GET"]}}],"collection":[{"href":"https:\/\/www.palazzodeimori.it\/fr\/wp-json\/wp\/v2\/pages"}],"about":[{"href":"https:\/\/www.palazzodeimori.it\/fr\/wp-json\/wp\/v2\/types\/page"}],"author":[{"embeddable":true,"href":"https:\/\/www.palazzodeimori.it\/fr\/wp-json\/wp\/v2\/users\/1"}],"replies":[{"embeddable":true,"href":"https:\/\/www.palazzodeimori.it\/fr\/wp-json\/wp\/v2\/comments?post=385"}],"version-history":[{"count":3,"href":"https:\/\/www.palazzodeimori.it\/fr\/wp-json\/wp\/v2\/pages\/385\/revisions"}],"predecessor-version":[{"id":708,"href":"https:\/\/www.palazzodeimori.it\/fr\/wp-json\/wp\/v2\/pages\/385\/revisions\/708"}],"wp:attachment":[{"href":"https:\/\/www.palazzodeimori.it\/fr\/wp-json\/wp\/v2\/media?parent=385"}],"curies":[{"name":"wp","href":"https:\/\/api.w.org\/{rel}","templated":true}]}}