{"id":389,"date":"2024-09-20T19:11:30","date_gmt":"2024-09-20T17:11:30","guid":{"rendered":"https:\/\/www.palazzodeimori.it\/position\/"},"modified":"2024-09-20T19:11:30","modified_gmt":"2024-09-20T17:11:30","slug":"position","status":"publish","type":"page","link":"https:\/\/www.palazzodeimori.it\/fr\/position\/","title":{"rendered":"Position"},"content":{"rendered":"<div class=\"wpb-content-wrapper\"><p>[vc_row full_width=\u00a0\u00bbstretch_row_content_no_spaces\u00a0\u00bb bg_type=\u00a0\u00bbimage\u00a0\u00bb parallax_style=\u00a0\u00bbvcpb-default\u00a0\u00bb bg_image_new=\u00a0\u00bbid^262|url^https:\/\/www.palazzodeimori.it\/wp-content\/uploads\/2024\/09\/posizione.jpg|caption^null|alt^null|title^posizione|description^null\u00a0\u00bb bg_image_repeat=\u00a0\u00bbno-repeat\u00a0\u00bb][vc_column][vc_empty_space height=\u00a0\u00bb800px\u00a0\u00bb el_class=\u00a0\u00bbimage-page-top\u00a0\u00bb][\/vc_column][\/vc_row][vc_row css=\u00a0\u00bb.vc_custom_1726850665226{padding-top: 70px !important;padding-bottom: 70px !important;}\u00a0\u00bb][vc_column][vc_column_text css=\u00a0\u00bb\u00a0\u00bb]<\/p>\n<h1 style=\"text-align: center;\">POSITION<\/h1>\n<p>[\/vc_column_text][vc_separator color=\u00a0\u00bbcustom\u00a0\u00bb el_width=\u00a0\u00bb30&Prime; css=\u00a0\u00bb\u00a0\u00bb accent_color=\u00a0\u00bb#ab8667&Prime;][vc_column_text css=\u00a0\u00bb\u00a0\u00bb]<\/p>\n<p style=\"text-align: center;\">Le Palazzo dei Mori est situ\u00e9 dans le quartier du Castello, au c\u0153ur de la Venise la plus authentique, point de d\u00e9part id\u00e9al pour tout itin\u00e9raire dans la ville et la lagune.<\/p>\n<p>[\/vc_column_text][\/vc_column][\/vc_row][vc_row full_width=\u00a0\u00bbstretch_row\u00a0\u00bb bg_type=\u00a0\u00bbbg_color\u00a0\u00bb css=\u00a0\u00bb.vc_custom_1727082928311{padding-top: 70px !important;padding-bottom: 70px !important;}\u00a0\u00bb bg_color_value=\u00a0\u00bb#fffbd1&Prime;][vc_column][vc_column_text css=\u00a0\u00bb\u00a0\u00bb]<\/p>\n<h2 style=\"text-align: center;\">COMMENT NOUS JOINDRE<\/h2>\n<p>[\/vc_column_text][vc_gmaps link=\u00a0\u00bb#E-8_JTNDaWZyYW1lJTIwc3JjJTNEJTIyaHR0cHMlM0ElMkYlMkZ3d3cuZ29vZ2xlLmNvbSUyRm1hcHMlMkZlbWJlZCUzRnBiJTNEJTIxMW0xOCUyMTFtMTIlMjExbTMlMjExZDE4ODMyLjc2MDc0NDIwNzk4NiUyMTJkMTIuMzM3NjAxMzIyNzIwMDEyJTIxM2Q0NS40Mzk0NDU4OTI5MzI1MjUlMjEybTMlMjExZjAlMjEyZjAlMjEzZjAlMjEzbTIlMjExaTEwMjQlMjEyaTc2OCUyMTRmMTMuMSUyMTNtMyUyMTFtMiUyMTFzMHg0NzdlYWZiZDU1ZWZlODU5JTI1M0EweGM4YTJjYTY1ZDVjNDgyYmElMjEyc1BhbGF6em8lMjUyMGRlaSUyNTIwTW9yaSUyMTVlMCUyMTNtMiUyMTFzaXQlMjEyc2l0JTIxNHYxNzI3MDgyODc2NzYwJTIxNW0yJTIxMXNpdCUyMTJzaXQlMjIlMjB3aWR0aCUzRCUyMjYwMCUyMiUyMGhlaWdodCUzRCUyMjQ1MCUyMiUyMHN0eWxlJTNEJTIyYm9yZGVyJTNBMCUzQiUyMiUyMGFsbG93ZnVsbHNjcmVlbiUzRCUyMiUyMiUyMGxvYWRpbmclM0QlMjJsYXp5JTIyJTIwcmVmZXJyZXJwb2xpY3klM0QlMjJuby1yZWZlcnJlci13aGVuLWRvd25ncmFkZSUyMiUzRSUzQyUyRmlmcmFtZSUzRQ==\u00a0\u00bb size=\u00a0\u00bb600px\u00a0\u00bb css=\u00a0\u00bb\u00a0\u00bb][vc_row_inner][vc_column_inner width=\u00a0\u00bb1\/2&Prime;][vc_column_text css=\u00a0\u00bb\u00a0\u00bb]<\/p>\n<h3>En avion<\/h3>\n<p>De l&rsquo;a\u00e9roport Marco Polo, prendre le vaporetto Alilaguna avec l&rsquo;arr\u00eat \u00ab Ospedale \u00bb Dur\u00e9e 45 minutes, puis \u00e0 gauche le long de la lagune, en bas \u00e0 droite jusqu&rsquo;\u00e0 la moiti\u00e9 du Campiello Santa Giustina, puis \u00e0 nouveau \u00e0 droite jusqu&rsquo;\u00e0 la premi\u00e8re rue \u00e0 gauche (calle Muazzo n. 6457. Itin\u00e9raire sans ponts.  <\/p>\n<h3>Par voie d&rsquo;eau<\/h3>\n<p>En taxi, indiquez la destination \u00ab Rio de San Giovanni in Laterano \u00bb au bord de l&rsquo;eau du Ponte Muazzo sur le c\u00f4t\u00e9 droit si vous arrivez de Fandamenta Nuove, dans le cas contraire sur le c\u00f4t\u00e9 gauche ; passez le sottoportego et \u00e0 20 mt. vous arrivez dans la Calle Muazzo.<\/p>\n<h3>En train<\/h3>\n<p>De la gare, prendre le vaporetto 5.2 arr\u00eat \u00ab Ospedale \u00bb, puis \u00e0 gauche le long de la lagune, puis en bas \u00e0 droite jusqu&rsquo;au milieu du Campiello Santa Giustina, et encore \u00e0 droite jusqu&rsquo;\u00e0 la premi\u00e8re rue \u00e0 gauche (Calle Muazzo). Itin\u00e9raire sans ponts. [\/vc_column_text][\/vc_column_inner][vc_column_inner width=\u00a0\u00bb1\/2&Prime;][vc_column_text css=\u00a0\u00bb\u00a0\u00bb]<\/p>\n<h3>En voiture<\/h3>\n<p>Laissez votre voiture dans l&rsquo;un des deux parkings du piazzale Roma, puis prenez le vaporetto 5.2 arr\u00eat \u00ab Ospedale \u00bb, puis \u00e0 gauche le long de la lagune, puis en bas \u00e0 droite jusqu&rsquo;\u00e0 la moiti\u00e9 du Campiello Santa Giustina, et encore \u00e0 droite jusqu&rsquo;\u00e0 la premi\u00e8re rue \u00e0 gauche (calle Muazzo). Itin\u00e9raire sans ponts. <\/p>\n<h3>Distances des points d&rsquo;int\u00e9r\u00eat<\/h3>\n<ul>\n<li>Basilique Saint Jean et Saint Paul 200 m\u00e8tres 5 minutes. <\/li>\n<li>Fondamenta nuove 200 m\u00e8tres 5 minutes.<\/li>\n<li>Basilique Saint-Marc 700 m\u00e8tres 15 minutes. <\/li>\n<li>Palais des Doges 700 mt 15 mt<\/li>\n<li>Pont des Soupirs 700 mt 15 mt.<\/li>\n<li>Pont du Rialto 500 mt 10 mt.<\/li>\n<\/ul>\n<p>[\/vc_column_text][\/vc_column_inner][\/vc_row_inner][\/vc_column][\/vc_row]<\/p>\n<\/div>","protected":false},"excerpt":{"rendered":"<p>[vc_row full_width=\u00a0\u00bbstretch_row_content_no_spaces\u00a0\u00bb bg_type=\u00a0\u00bbimage\u00a0\u00bb parallax_style=\u00a0\u00bbvcpb-default\u00a0\u00bb bg_image_new=\u00a0\u00bbid^262|url^https:\/\/www.palazzodeimori.it\/wp-content\/uploads\/2024\/09\/posizione.jpg|caption^null|alt^null|title^posizione|description^null\u00a0\u00bb bg_image_repeat=\u00a0\u00bbno-repeat\u00a0\u00bb][vc_column][vc_empty_space height=\u00a0\u00bb800px\u00a0\u00bb el_class=\u00a0\u00bbimage-page-top\u00a0\u00bb][\/vc_column][\/vc_row][vc_row css=\u00a0\u00bb.vc_custom_1726850665226{padding-top: 70px !important;padding-bottom: 70px !important;}\u00a0\u00bb][vc_column][vc_column_text css=\u00a0\u00bb\u00a0\u00bb] POSITION [\/vc_column_text][vc_separator color=\u00a0\u00bbcustom\u00a0\u00bb el_width=\u00a0\u00bb30&Prime; css=\u00a0\u00bb\u00a0\u00bb accent_color=\u00a0\u00bb#ab8667&Prime;][vc_column_text css=\u00a0\u00bb\u00a0\u00bb] Le Palazzo dei Mori est situ\u00e9 dans le quartier du Castello, au c\u0153ur de la Venise la plus authentique, point de d\u00e9part id\u00e9al pour tout itin\u00e9raire dans la ville et la lagune. [\/vc_column_text][\/vc_column][\/vc_row][vc_row full_width=\u00a0\u00bbstretch_row\u00a0\u00bb&hellip;<\/p>\n","protected":false},"author":1,"featured_media":0,"parent":0,"menu_order":0,"comment_status":"closed","ping_status":"closed","template":"","meta":{"footnotes":""},"class_list":["post-389","page","type-page","status-publish","hentry","description-off"],"_links":{"self":[{"href":"https:\/\/www.palazzodeimori.it\/fr\/wp-json\/wp\/v2\/pages\/389","targetHints":{"allow":["GET"]}}],"collection":[{"href":"https:\/\/www.palazzodeimori.it\/fr\/wp-json\/wp\/v2\/pages"}],"about":[{"href":"https:\/\/www.palazzodeimori.it\/fr\/wp-json\/wp\/v2\/types\/page"}],"author":[{"embeddable":true,"href":"https:\/\/www.palazzodeimori.it\/fr\/wp-json\/wp\/v2\/users\/1"}],"replies":[{"embeddable":true,"href":"https:\/\/www.palazzodeimori.it\/fr\/wp-json\/wp\/v2\/comments?post=389"}],"version-history":[{"count":0,"href":"https:\/\/www.palazzodeimori.it\/fr\/wp-json\/wp\/v2\/pages\/389\/revisions"}],"wp:attachment":[{"href":"https:\/\/www.palazzodeimori.it\/fr\/wp-json\/wp\/v2\/media?parent=389"}],"curies":[{"name":"wp","href":"https:\/\/api.w.org\/{rel}","templated":true}]}}